{"id":896,"date":"2025-03-05T18:56:37","date_gmt":"2025-03-05T18:56:37","guid":{"rendered":"http:\/\/10.250.9.231\/portales\/74\/ces\/?page_id=896"},"modified":"2026-04-16T15:56:46","modified_gmt":"2026-04-16T15:56:46","slug":"profesional-tecnico-de-areas-afines-a-la-salud","status":"publish","type":"page","link":"https:\/\/educacionensalud.imss.gob.mx\/p\/portal\/profesional-tecnico-de-areas-afines-a-la-salud\/","title":{"rendered":"Profesional T\u00e9cnico de \u00c1reas Afines a la Salud"},"content":{"rendered":"","protected":false},"excerpt":{"rendered":"<p>Accede a la formaci\u00f3n como Profesional T\u00e9cnico de \u00c1reas Afines a la Salud en el IMSS. Un programa dise\u00f1ado para capacitar a personal t\u00e9cnico en el sector salud, a trav\u00e9s de convocatorias, con un enfoque pr\u00e1ctico y especializado en atenci\u00f3n m\u00e9dica<\/p>\n","protected":false},"author":2,"featured_media":0,"parent":0,"menu_order":0,"comment_status":"closed","ping_status":"closed","template":"home.php","meta":{"footnotes":""},"categories":[],"tags":[],"class_list":["post-896","page","type-page","status-publish","hentry"],"acf":[],"_links":{"self":[{"href":"https:\/\/educacionensalud.imss.gob.mx\/p\/portal\/wp-json\/wp\/v2\/pages\/896","targetHints":{"allow":["GET"]}}],"collection":[{"href":"https:\/\/educacionensalud.imss.gob.mx\/p\/portal\/wp-json\/wp\/v2\/pages"}],"about":[{"href":"https:\/\/educacionensalud.imss.gob.mx\/p\/portal\/wp-json\/wp\/v2\/types\/page"}],"author":[{"embeddable":true,"href":"https:\/\/educacionensalud.imss.gob.mx\/p\/portal\/wp-json\/wp\/v2\/users\/2"}],"replies":[{"embeddable":true,"href":"https:\/\/educacionensalud.imss.gob.mx\/p\/portal\/wp-json\/wp\/v2\/comments?post=896"}],"version-history":[{"count":53,"href":"https:\/\/educacionensalud.imss.gob.mx\/p\/portal\/wp-json\/wp\/v2\/pages\/896\/revisions"}],"predecessor-version":[{"id":34317,"href":"https:\/\/educacionensalud.imss.gob.mx\/p\/portal\/wp-json\/wp\/v2\/pages\/896\/revisions\/34317"}],"wp:attachment":[{"href":"https:\/\/educacionensalud.imss.gob.mx\/p\/portal\/wp-json\/wp\/v2\/media?parent=896"}],"wp:term":[{"taxonomy":"category","embeddable":true,"href":"https:\/\/educacionensalud.imss.gob.mx\/p\/portal\/wp-json\/wp\/v2\/categories?post=896"},{"taxonomy":"post_tag","embeddable":true,"href":"https:\/\/educacionensalud.imss.gob.mx\/p\/portal\/wp-json\/wp\/v2\/tags?post=896"}],"curies":[{"name":"wp","href":"https:\/\/api.w.org\/{rel}","templated":true}]}}