{"id":864,"date":"2025-03-05T17:25:27","date_gmt":"2025-03-05T17:25:27","guid":{"rendered":"http:\/\/10.250.9.231\/portales\/74\/ces\/?page_id=864"},"modified":"2026-04-15T18:14:48","modified_gmt":"2026-04-15T18:14:48","slug":"enfermeria","status":"publish","type":"page","link":"https:\/\/educacionensalud.imss.gob.mx\/p\/portal\/enfermeria\/","title":{"rendered":"Enfermer\u00eda"},"content":{"rendered":"","protected":false},"excerpt":{"rendered":"<p>Convoocatorias Enfermer\u00eda<br \/>\nDescubre los programas y convocatorias de formaci\u00f3n en enfermer\u00eda de la Coordinaci\u00f3n de Educaci\u00f3n en Salud del IMSS. Ofrecemos formaci\u00f3n t\u00e9cnica y profesional para crear especialistas altamente capacitados, preparados para afrontar los desaf\u00edos de la salud p\u00fablica.<br \/>\nConvocatoria para la Licenciatura en Enfermer\u00eda Escolarizada, Monterrey, Nuevo Le\u00f3n. Ciclo 2025-2-2029-2<\/p>\n","protected":false},"author":2,"featured_media":0,"parent":0,"menu_order":0,"comment_status":"closed","ping_status":"closed","template":"home.php","meta":{"footnotes":""},"categories":[],"tags":[],"class_list":["post-864","page","type-page","status-publish","hentry"],"acf":[],"_links":{"self":[{"href":"https:\/\/educacionensalud.imss.gob.mx\/p\/portal\/wp-json\/wp\/v2\/pages\/864","targetHints":{"allow":["GET"]}}],"collection":[{"href":"https:\/\/educacionensalud.imss.gob.mx\/p\/portal\/wp-json\/wp\/v2\/pages"}],"about":[{"href":"https:\/\/educacionensalud.imss.gob.mx\/p\/portal\/wp-json\/wp\/v2\/types\/page"}],"author":[{"embeddable":true,"href":"https:\/\/educacionensalud.imss.gob.mx\/p\/portal\/wp-json\/wp\/v2\/users\/2"}],"replies":[{"embeddable":true,"href":"https:\/\/educacionensalud.imss.gob.mx\/p\/portal\/wp-json\/wp\/v2\/comments?post=864"}],"version-history":[{"count":92,"href":"https:\/\/educacionensalud.imss.gob.mx\/p\/portal\/wp-json\/wp\/v2\/pages\/864\/revisions"}],"predecessor-version":[{"id":34298,"href":"https:\/\/educacionensalud.imss.gob.mx\/p\/portal\/wp-json\/wp\/v2\/pages\/864\/revisions\/34298"}],"wp:attachment":[{"href":"https:\/\/educacionensalud.imss.gob.mx\/p\/portal\/wp-json\/wp\/v2\/media?parent=864"}],"wp:term":[{"taxonomy":"category","embeddable":true,"href":"https:\/\/educacionensalud.imss.gob.mx\/p\/portal\/wp-json\/wp\/v2\/categories?post=864"},{"taxonomy":"post_tag","embeddable":true,"href":"https:\/\/educacionensalud.imss.gob.mx\/p\/portal\/wp-json\/wp\/v2\/tags?post=864"}],"curies":[{"name":"wp","href":"https:\/\/api.w.org\/{rel}","templated":true}]}}