{"id":31436,"date":"2025-04-07T17:07:46","date_gmt":"2025-04-07T17:07:46","guid":{"rendered":"http:\/\/10.250.9.231\/portales\/74\/ces\/?page_id=31436"},"modified":"2026-04-15T19:03:17","modified_gmt":"2026-04-15T19:03:17","slug":"recursos-de-informacion-en-salud-ris","status":"publish","type":"page","link":"https:\/\/educacionensalud.imss.gob.mx\/p\/portal\/recursos-de-informacion-en-salud-ris\/","title":{"rendered":"Recursos de Informaci\u00f3n en Salud (RIS)"},"content":{"rendered":"","protected":false},"excerpt":{"rendered":"<p>plataforma de Recursos de Informaci\u00f3n en Salud (s\u00f3lo para personal IMSS)<br \/>\nColecciones de revistas Open Access<br \/>\nCell Press<br \/>\nDirectory of Open Access Journals (DOAJ)<br \/>\nElsevier<br \/>\nImbiomed<br \/>\nNatura Oxford Academi<br \/>\nRevista de Enfermer\u00eda del IMSS<br \/>\nRevista M\u00e9dica del IMSS<br \/>\nScielo<br \/>\nBiblioteca Open Access<br \/>\nSistema de clasificaci\u00f3n de revistas mexicanas de ciencia y tecnolog\u00eda<br \/>\nPortal Regional de BVS<br \/>\nBioMedCentral<br \/>\nAsnNeuro<br \/>\nWILEY open Access<br \/>\nCiencias de Enfermer\u00eda \/ Nursing Science<br \/>\nNURE Investigaci\u00f3n Index de Enfermer\u00eda edici\u00f3n digital Nature Publishing Group Epistemonikos <\/p>\n","protected":false},"author":1,"featured_media":0,"parent":0,"menu_order":0,"comment_status":"closed","ping_status":"closed","template":"home.php","meta":{"footnotes":""},"categories":[],"tags":[],"class_list":["post-31436","page","type-page","status-publish","hentry"],"acf":[],"_links":{"self":[{"href":"https:\/\/educacionensalud.imss.gob.mx\/p\/portal\/wp-json\/wp\/v2\/pages\/31436","targetHints":{"allow":["GET"]}}],"collection":[{"href":"https:\/\/educacionensalud.imss.gob.mx\/p\/portal\/wp-json\/wp\/v2\/pages"}],"about":[{"href":"https:\/\/educacionensalud.imss.gob.mx\/p\/portal\/wp-json\/wp\/v2\/types\/page"}],"author":[{"embeddable":true,"href":"https:\/\/educacionensalud.imss.gob.mx\/p\/portal\/wp-json\/wp\/v2\/users\/1"}],"replies":[{"embeddable":true,"href":"https:\/\/educacionensalud.imss.gob.mx\/p\/portal\/wp-json\/wp\/v2\/comments?post=31436"}],"version-history":[{"count":60,"href":"https:\/\/educacionensalud.imss.gob.mx\/p\/portal\/wp-json\/wp\/v2\/pages\/31436\/revisions"}],"predecessor-version":[{"id":34307,"href":"https:\/\/educacionensalud.imss.gob.mx\/p\/portal\/wp-json\/wp\/v2\/pages\/31436\/revisions\/34307"}],"wp:attachment":[{"href":"https:\/\/educacionensalud.imss.gob.mx\/p\/portal\/wp-json\/wp\/v2\/media?parent=31436"}],"wp:term":[{"taxonomy":"category","embeddable":true,"href":"https:\/\/educacionensalud.imss.gob.mx\/p\/portal\/wp-json\/wp\/v2\/categories?post=31436"},{"taxonomy":"post_tag","embeddable":true,"href":"https:\/\/educacionensalud.imss.gob.mx\/p\/portal\/wp-json\/wp\/v2\/tags?post=31436"}],"curies":[{"name":"wp","href":"https:\/\/api.w.org\/{rel}","templated":true}]}}