{"id":31224,"date":"2025-04-03T15:44:47","date_gmt":"2025-04-03T15:44:47","guid":{"rendered":"http:\/\/10.250.9.231\/portales\/74\/ces\/?page_id=31224"},"modified":"2025-04-25T15:29:39","modified_gmt":"2025-04-25T15:29:39","slug":"dificil-cobertura","status":"publish","type":"page","link":"https:\/\/educacionensalud.imss.gob.mx\/p\/portal\/dificil-cobertura\/","title":{"rendered":"Dif\u00edcil cobertura"},"content":{"rendered":"","protected":false},"excerpt":{"rendered":"<p>El IMSS ofrece programas educativos para cubrir las necesidades de salud en \u00e1reas de dif\u00edcil acceso. Conoce los proyectos y estrategias implementadas para formar profesionales que puedan brindar atenci\u00f3n en comunidades vulnerables.<\/p>\n","protected":false},"author":1,"featured_media":0,"parent":0,"menu_order":0,"comment_status":"closed","ping_status":"closed","template":"home.php","meta":{"footnotes":""},"categories":[3],"tags":[],"class_list":["post-31224","page","type-page","status-publish","hentry","category-posgrado"],"acf":[],"_links":{"self":[{"href":"https:\/\/educacionensalud.imss.gob.mx\/p\/portal\/wp-json\/wp\/v2\/pages\/31224","targetHints":{"allow":["GET"]}}],"collection":[{"href":"https:\/\/educacionensalud.imss.gob.mx\/p\/portal\/wp-json\/wp\/v2\/pages"}],"about":[{"href":"https:\/\/educacionensalud.imss.gob.mx\/p\/portal\/wp-json\/wp\/v2\/types\/page"}],"author":[{"embeddable":true,"href":"https:\/\/educacionensalud.imss.gob.mx\/p\/portal\/wp-json\/wp\/v2\/users\/1"}],"replies":[{"embeddable":true,"href":"https:\/\/educacionensalud.imss.gob.mx\/p\/portal\/wp-json\/wp\/v2\/comments?post=31224"}],"version-history":[{"count":2,"href":"https:\/\/educacionensalud.imss.gob.mx\/p\/portal\/wp-json\/wp\/v2\/pages\/31224\/revisions"}],"predecessor-version":[{"id":31749,"href":"https:\/\/educacionensalud.imss.gob.mx\/p\/portal\/wp-json\/wp\/v2\/pages\/31224\/revisions\/31749"}],"wp:attachment":[{"href":"https:\/\/educacionensalud.imss.gob.mx\/p\/portal\/wp-json\/wp\/v2\/media?parent=31224"}],"wp:term":[{"taxonomy":"category","embeddable":true,"href":"https:\/\/educacionensalud.imss.gob.mx\/p\/portal\/wp-json\/wp\/v2\/categories?post=31224"},{"taxonomy":"post_tag","embeddable":true,"href":"https:\/\/educacionensalud.imss.gob.mx\/p\/portal\/wp-json\/wp\/v2\/tags?post=31224"}],"curies":[{"name":"wp","href":"https:\/\/api.w.org\/{rel}","templated":true}]}}