{"id":31209,"date":"2025-04-02T21:20:34","date_gmt":"2025-04-02T21:20:34","guid":{"rendered":"http:\/\/10.250.9.231\/portales\/74\/ces\/?page_id=31209"},"modified":"2025-04-25T15:27:36","modified_gmt":"2025-04-25T15:27:36","slug":"especialidades-de-entrada-directa","status":"publish","type":"page","link":"https:\/\/educacionensalud.imss.gob.mx\/p\/portal\/especialidades-de-entrada-directa\/","title":{"rendered":"Especialidades de entrada directa"},"content":{"rendered":"","protected":false},"excerpt":{"rendered":"<p>Los ciclos cl\u00ednicos de enfermer\u00eda en el IMSS son esenciales para que los estudiantes ganen experiencia pr\u00e1ctica en hospitales. Vive la experiencia directa con pacientes y mejora tus competencias profesionales.<\/p>\n","protected":false},"author":1,"featured_media":0,"parent":0,"menu_order":0,"comment_status":"closed","ping_status":"closed","template":"home.php","meta":{"footnotes":""},"categories":[3],"tags":[],"class_list":["post-31209","page","type-page","status-publish","hentry","category-posgrado"],"acf":[],"_links":{"self":[{"href":"https:\/\/educacionensalud.imss.gob.mx\/p\/portal\/wp-json\/wp\/v2\/pages\/31209","targetHints":{"allow":["GET"]}}],"collection":[{"href":"https:\/\/educacionensalud.imss.gob.mx\/p\/portal\/wp-json\/wp\/v2\/pages"}],"about":[{"href":"https:\/\/educacionensalud.imss.gob.mx\/p\/portal\/wp-json\/wp\/v2\/types\/page"}],"author":[{"embeddable":true,"href":"https:\/\/educacionensalud.imss.gob.mx\/p\/portal\/wp-json\/wp\/v2\/users\/1"}],"replies":[{"embeddable":true,"href":"https:\/\/educacionensalud.imss.gob.mx\/p\/portal\/wp-json\/wp\/v2\/comments?post=31209"}],"version-history":[{"count":7,"href":"https:\/\/educacionensalud.imss.gob.mx\/p\/portal\/wp-json\/wp\/v2\/pages\/31209\/revisions"}],"predecessor-version":[{"id":31748,"href":"https:\/\/educacionensalud.imss.gob.mx\/p\/portal\/wp-json\/wp\/v2\/pages\/31209\/revisions\/31748"}],"wp:attachment":[{"href":"https:\/\/educacionensalud.imss.gob.mx\/p\/portal\/wp-json\/wp\/v2\/media?parent=31209"}],"wp:term":[{"taxonomy":"category","embeddable":true,"href":"https:\/\/educacionensalud.imss.gob.mx\/p\/portal\/wp-json\/wp\/v2\/categories?post=31209"},{"taxonomy":"post_tag","embeddable":true,"href":"https:\/\/educacionensalud.imss.gob.mx\/p\/portal\/wp-json\/wp\/v2\/tags?post=31209"}],"curies":[{"name":"wp","href":"https:\/\/api.w.org\/{rel}","templated":true}]}}