{"id":30749,"date":"2025-03-26T18:07:29","date_gmt":"2025-03-26T18:07:29","guid":{"rendered":"http:\/\/10.250.9.231\/portales\/74\/ces\/?page_id=30749"},"modified":"2026-04-15T17:43:48","modified_gmt":"2026-04-15T17:43:48","slug":"docente-en-el-imss","status":"publish","type":"page","link":"https:\/\/educacionensalud.imss.gob.mx\/p\/portal\/docente-en-el-imss\/","title":{"rendered":"Docente en el IMSS"},"content":{"rendered":"","protected":false},"excerpt":{"rendered":"<p>Docente en el IMSS<br \/>\nRuta Carrera formaci\u00f3n docente<br \/>\nCarrera Docente Institucional<br \/>\nEvaluaci\u00f3n Docente<br \/>\nSistema de Centros de Investigaci\u00f3n en Educativa y Formaci\u00f3n Docente Investigaci\u00f3n en Educaci\u00f3n<br \/>\nInvestigaci\u00f3n en Educaci\u00f3n y Humanidades en Salud (IEHS)<br \/>\nAMFEM Educaci\u00f3n M\u00e9dica Continua<br \/>\nAMEE Resource Centre (ARC)<br \/>\nUNESCO Future of education<br \/>\nVideoconferencias CONBIO\u00c9TICA<br \/>\nRevista Educaci\u00f3n M\u00e9dica<br \/>\nSociedad Mexicana de Simulaci\u00f3n en Ciencias de la Salud<\/p>\n","protected":false},"author":2,"featured_media":0,"parent":0,"menu_order":0,"comment_status":"closed","ping_status":"closed","template":"home.php","meta":{"footnotes":""},"categories":[],"tags":[],"class_list":["post-30749","page","type-page","status-publish","hentry"],"acf":[],"_links":{"self":[{"href":"https:\/\/educacionensalud.imss.gob.mx\/p\/portal\/wp-json\/wp\/v2\/pages\/30749","targetHints":{"allow":["GET"]}}],"collection":[{"href":"https:\/\/educacionensalud.imss.gob.mx\/p\/portal\/wp-json\/wp\/v2\/pages"}],"about":[{"href":"https:\/\/educacionensalud.imss.gob.mx\/p\/portal\/wp-json\/wp\/v2\/types\/page"}],"author":[{"embeddable":true,"href":"https:\/\/educacionensalud.imss.gob.mx\/p\/portal\/wp-json\/wp\/v2\/users\/2"}],"replies":[{"embeddable":true,"href":"https:\/\/educacionensalud.imss.gob.mx\/p\/portal\/wp-json\/wp\/v2\/comments?post=30749"}],"version-history":[{"count":59,"href":"https:\/\/educacionensalud.imss.gob.mx\/p\/portal\/wp-json\/wp\/v2\/pages\/30749\/revisions"}],"predecessor-version":[{"id":34286,"href":"https:\/\/educacionensalud.imss.gob.mx\/p\/portal\/wp-json\/wp\/v2\/pages\/30749\/revisions\/34286"}],"wp:attachment":[{"href":"https:\/\/educacionensalud.imss.gob.mx\/p\/portal\/wp-json\/wp\/v2\/media?parent=30749"}],"wp:term":[{"taxonomy":"category","embeddable":true,"href":"https:\/\/educacionensalud.imss.gob.mx\/p\/portal\/wp-json\/wp\/v2\/categories?post=30749"},{"taxonomy":"post_tag","embeddable":true,"href":"https:\/\/educacionensalud.imss.gob.mx\/p\/portal\/wp-json\/wp\/v2\/tags?post=30749"}],"curies":[{"name":"wp","href":"https:\/\/api.w.org\/{rel}","templated":true}]}}