{"id":30742,"date":"2025-03-26T17:57:50","date_gmt":"2025-03-26T17:57:50","guid":{"rendered":"http:\/\/10.250.9.231\/portales\/74\/ces\/?page_id=30742"},"modified":"2025-09-23T19:46:35","modified_gmt":"2025-09-23T19:46:35","slug":"competencias-profesionales-y-transversales-para-el-personal-de-salud-del-imss","status":"publish","type":"page","link":"https:\/\/educacionensalud.imss.gob.mx\/p\/portal\/competencias-profesionales-y-transversales-para-el-personal-de-salud-del-imss\/","title":{"rendered":"Competencias profesionales y transversales para el personal de salud del IMSS"},"content":{"rendered":"","protected":false},"excerpt":{"rendered":"<p>Modelos de Competencias para el Personal de Salud<br \/>\nModelo de Competencias Docentes<br \/>\nModelo de Competencias Directivas<br \/>\nCompetencias Profesionales para Directivos y L\u00edderes de Alto Impacto<\/p>\n<p>Liderazgo para L\u00edderes de Equipos de Salud<br \/>\nGesti\u00f3n de Planes y Proyectos para L\u00edderes de Equipos de Salud<br \/>\nInteligencia Emocional para L\u00edderes de Equipos de Salud<br \/>\nVisi\u00f3n Estrat\u00e9gica para L\u00edderes de Equipos de Salud<br \/>\nManejo de Conflictos y Negociaci\u00f3n para L\u00edderes de Equipos de Salud<br \/>\nIntegraci\u00f3n de Equipos de Trabajo para L\u00edderes de Equipos de Salud<br \/>\nCompetencias Transversales para M\u00e9dicos Residentes<\/p>\n<p>\u201cTrabajo en equipo\u201d en el personal de salud en formaci\u00f3n a nivel posgrado<br \/>\n\u201cResoluci\u00f3n de problemas y toma de decisiones\u201d en el personal de salud en formaci\u00f3n a nivel posgrado<br \/>\n\u201cLiderazgo\u201d en el personal de salud en formaci\u00f3n a nivel posgrado<br \/>\n\u201cGesti\u00f3n\u201d en el personal de salud en formaci\u00f3n a nivel posgrado<br \/>\n\u201cResiliencia\u201d en el personal de salud en formaci\u00f3n a nivel posgrado<br \/>\n\u201cComunicaci\u00f3n cl\u00ednica\u201d en el personal de salud en formacin a nivel posgrado<br \/>\n\u201cActitud indagadora\u201d en el personal de salud en formaci\u00f3n a nivel posgrado<br \/>\nCompetencias Profesionales Docentes<\/p>\n<p>\u201cDise\u00f1o de planes did\u00e1cticos\u201d del personal de salud con funciones docentes<br \/>\n\u201cDise\u00f1o de programas operativos\u201d del personal de salud con funciones docentes<br \/>\n\u201cDise\u00f1o de programas de curso o programas acad\u00e9micos\u201d del personal de salud con funciones docentes<br \/>\n\u201cPr\u00e1ctica educativa en aula\u201d del personal de salud con funciones docentes<br \/>\n\u201cDise\u00f1o de instrumentos de evaluaci\u00f3n del aprendizaje\u201d del personal de salud con funciones docentes<br \/>\n\u201cDise\u00f1o de instrumentos para recopilar informaci\u00f3n\u201d del personal de salud con funciones docentes<br \/>\n\u201cDesarrollo de proyectos de evaluaci\u00f3n educativa\u201d del personal de salud con funciones docentes<br \/>\n\u201cDise\u00f1o de proyectos de innovaci\u00f3n educativa\u201d del personal de salud con funciones docentes<br \/>\n\u201cDesarrollo de proyectos de innovaci\u00f3n educativa\u201d del personal de salud con funciones docentes<br \/>\n\u201cDise\u00f1o de protocolos de investigaci\u00f3n educativa con enfoque cuantitativo\u201d del personal de salud con funciones docentes<br \/>\n\u201cDise\u00f1o de protocolos de investigaci\u00f3n educativa con enfoque cualitativo\u201d del personal de salud con funciones docentes<br \/>\n\u201cDise\u00f1o de protocolos de investigaci\u00f3n educativa con enfoque mixto\u201d del personal de salud con funciones docentes<br \/>\n\u201cPr\u00e1ctica educativa a distancia\u201d del personal de salud con funciones docentes<br \/>\nDirectiva de \u00c9tica para L\u00edderes de Equipos de Salud<br \/>\nCompetencias en Gesti\u00f3n Educativa para Directivos en Educaci\u00f3n<\/p>\n<p>\u201cGesti\u00f3n Educativa en Unidades M\u00e9dicas y Hospitales\u201d del personal de salud con funcions docentes<\/p>\n","protected":false},"author":2,"featured_media":0,"parent":0,"menu_order":0,"comment_status":"closed","ping_status":"closed","template":"home.php","meta":{"footnotes":""},"categories":[],"tags":[],"class_list":["post-30742","page","type-page","status-publish","hentry"],"acf":[],"_links":{"self":[{"href":"https:\/\/educacionensalud.imss.gob.mx\/p\/portal\/wp-json\/wp\/v2\/pages\/30742","targetHints":{"allow":["GET"]}}],"collection":[{"href":"https:\/\/educacionensalud.imss.gob.mx\/p\/portal\/wp-json\/wp\/v2\/pages"}],"about":[{"href":"https:\/\/educacionensalud.imss.gob.mx\/p\/portal\/wp-json\/wp\/v2\/types\/page"}],"author":[{"embeddable":true,"href":"https:\/\/educacionensalud.imss.gob.mx\/p\/portal\/wp-json\/wp\/v2\/users\/2"}],"replies":[{"embeddable":true,"href":"https:\/\/educacionensalud.imss.gob.mx\/p\/portal\/wp-json\/wp\/v2\/comments?post=30742"}],"version-history":[{"count":32,"href":"https:\/\/educacionensalud.imss.gob.mx\/p\/portal\/wp-json\/wp\/v2\/pages\/30742\/revisions"}],"predecessor-version":[{"id":32829,"href":"https:\/\/educacionensalud.imss.gob.mx\/p\/portal\/wp-json\/wp\/v2\/pages\/30742\/revisions\/32829"}],"wp:attachment":[{"href":"https:\/\/educacionensalud.imss.gob.mx\/p\/portal\/wp-json\/wp\/v2\/media?parent=30742"}],"wp:term":[{"taxonomy":"category","embeddable":true,"href":"https:\/\/educacionensalud.imss.gob.mx\/p\/portal\/wp-json\/wp\/v2\/categories?post=30742"},{"taxonomy":"post_tag","embeddable":true,"href":"https:\/\/educacionensalud.imss.gob.mx\/p\/portal\/wp-json\/wp\/v2\/tags?post=30742"}],"curies":[{"name":"wp","href":"https:\/\/api.w.org\/{rel}","templated":true}]}}