{"id":30704,"date":"2025-03-25T17:43:30","date_gmt":"2025-03-25T17:43:30","guid":{"rendered":"http:\/\/10.250.9.231\/portales\/74\/ces\/?page_id=30704"},"modified":"2026-04-16T16:42:36","modified_gmt":"2026-04-16T16:42:36","slug":"vinculacion-educativa","status":"publish","type":"page","link":"https:\/\/educacionensalud.imss.gob.mx\/p\/portal\/vinculacion-educativa\/","title":{"rendered":"Vinculacio\u0301n Educativa"},"content":{"rendered":"","protected":false},"excerpt":{"rendered":"<p>Research to Publication<br \/>\nCurso que utiliza una metodolog\u00eda de investigaci\u00f3n y un programa de publicaci\u00f3n dise\u00f1ado espec\u00edficamente para m\u00e9dicos e investigadores de la salud, presentado por British Medical Journal (BMJ) en colaboraci\u00f3n con la Universidad de California en San Francisco (UCSF).<\/p>\n<p>Programa de Reconocimiento a la Atenci\u00f3n de Calidad de M\u00e9dicos<br \/>\nEstomat\u00f3logos y Cirujanos Maxilofaciales de Base y Confianza (PRACMED)\u201d para la evaluaci\u00f3n 2020, Evaluaci\u00f3n del desempe\u00f1o acad\u00e9mico a los M\u00e9dicos de Confianza, adscritos a nivel central.<\/p>\n<p>Alianza M\u00e9dica Para la Salud (AMSA)<br \/>\nConvenio de establecer las bases de colaboraci\u00f3n para que el personal m\u00e9dico que presta sus servicios en \u201cEL IMSS\u201d participe en cursos de capacitaci\u00f3n en<\/p>\n","protected":false},"author":2,"featured_media":0,"parent":0,"menu_order":0,"comment_status":"closed","ping_status":"closed","template":"home.php","meta":{"footnotes":""},"categories":[],"tags":[],"class_list":["post-30704","page","type-page","status-publish","hentry"],"acf":[],"_links":{"self":[{"href":"https:\/\/educacionensalud.imss.gob.mx\/p\/portal\/wp-json\/wp\/v2\/pages\/30704","targetHints":{"allow":["GET"]}}],"collection":[{"href":"https:\/\/educacionensalud.imss.gob.mx\/p\/portal\/wp-json\/wp\/v2\/pages"}],"about":[{"href":"https:\/\/educacionensalud.imss.gob.mx\/p\/portal\/wp-json\/wp\/v2\/types\/page"}],"author":[{"embeddable":true,"href":"https:\/\/educacionensalud.imss.gob.mx\/p\/portal\/wp-json\/wp\/v2\/users\/2"}],"replies":[{"embeddable":true,"href":"https:\/\/educacionensalud.imss.gob.mx\/p\/portal\/wp-json\/wp\/v2\/comments?post=30704"}],"version-history":[{"count":12,"href":"https:\/\/educacionensalud.imss.gob.mx\/p\/portal\/wp-json\/wp\/v2\/pages\/30704\/revisions"}],"predecessor-version":[{"id":34330,"href":"https:\/\/educacionensalud.imss.gob.mx\/p\/portal\/wp-json\/wp\/v2\/pages\/30704\/revisions\/34330"}],"wp:attachment":[{"href":"https:\/\/educacionensalud.imss.gob.mx\/p\/portal\/wp-json\/wp\/v2\/media?parent=30704"}],"wp:term":[{"taxonomy":"category","embeddable":true,"href":"https:\/\/educacionensalud.imss.gob.mx\/p\/portal\/wp-json\/wp\/v2\/categories?post=30704"},{"taxonomy":"post_tag","embeddable":true,"href":"https:\/\/educacionensalud.imss.gob.mx\/p\/portal\/wp-json\/wp\/v2\/tags?post=30704"}],"curies":[{"name":"wp","href":"https:\/\/api.w.org\/{rel}","templated":true}]}}