{"id":30611,"date":"2025-03-25T15:12:29","date_gmt":"2025-03-25T15:12:29","guid":{"rendered":"http:\/\/10.250.9.231\/portales\/74\/ces\/?page_id=30611"},"modified":"2025-09-23T19:33:00","modified_gmt":"2025-09-23T19:33:00","slug":"sistema-bibliotecario-del-imss","status":"publish","type":"page","link":"https:\/\/educacionensalud.imss.gob.mx\/p\/portal\/sistema-bibliotecario-del-imss\/","title":{"rendered":"Sistema Bibliotecario del IMSS"},"content":{"rendered":"","protected":false},"excerpt":{"rendered":"<p>Diseminaci\u00f3n Selectiva de Informaci\u00f3n<br \/>\nRecuperaci\u00f3n de Art\u00edculos Cient\u00edficos especializados en Salud<br \/>\nRecursos de Informaci\u00f3n en Salud (RIS)<br \/>\nReferencia<br \/>\nPr\u00e9stamo Interbibliotecario<br \/>\nBibliotecario en L\u00ednea<br \/>\nSala de Lectura<br \/>\nDiseminaci\u00f3n Selectiva de Informaci\u00f3n (DIS<br \/>\nBibliograf\u00eda<br \/>\nAtenci\u00f3n Investigadores IMS<\/p>\n","protected":false},"author":2,"featured_media":0,"parent":0,"menu_order":0,"comment_status":"closed","ping_status":"closed","template":"home.php","meta":{"footnotes":""},"categories":[],"tags":[],"class_list":["post-30611","page","type-page","status-publish","hentry"],"acf":[],"_links":{"self":[{"href":"https:\/\/educacionensalud.imss.gob.mx\/p\/portal\/wp-json\/wp\/v2\/pages\/30611","targetHints":{"allow":["GET"]}}],"collection":[{"href":"https:\/\/educacionensalud.imss.gob.mx\/p\/portal\/wp-json\/wp\/v2\/pages"}],"about":[{"href":"https:\/\/educacionensalud.imss.gob.mx\/p\/portal\/wp-json\/wp\/v2\/types\/page"}],"author":[{"embeddable":true,"href":"https:\/\/educacionensalud.imss.gob.mx\/p\/portal\/wp-json\/wp\/v2\/users\/2"}],"replies":[{"embeddable":true,"href":"https:\/\/educacionensalud.imss.gob.mx\/p\/portal\/wp-json\/wp\/v2\/comments?post=30611"}],"version-history":[{"count":62,"href":"https:\/\/educacionensalud.imss.gob.mx\/p\/portal\/wp-json\/wp\/v2\/pages\/30611\/revisions"}],"predecessor-version":[{"id":32819,"href":"https:\/\/educacionensalud.imss.gob.mx\/p\/portal\/wp-json\/wp\/v2\/pages\/30611\/revisions\/32819"}],"wp:attachment":[{"href":"https:\/\/educacionensalud.imss.gob.mx\/p\/portal\/wp-json\/wp\/v2\/media?parent=30611"}],"wp:term":[{"taxonomy":"category","embeddable":true,"href":"https:\/\/educacionensalud.imss.gob.mx\/p\/portal\/wp-json\/wp\/v2\/categories?post=30611"},{"taxonomy":"post_tag","embeddable":true,"href":"https:\/\/educacionensalud.imss.gob.mx\/p\/portal\/wp-json\/wp\/v2\/tags?post=30611"}],"curies":[{"name":"wp","href":"https:\/\/api.w.org\/{rel}","templated":true}]}}