{"id":30571,"date":"2025-03-21T18:12:25","date_gmt":"2025-03-21T18:12:25","guid":{"rendered":"http:\/\/10.250.9.231\/portales\/74\/ces\/?page_id=30571"},"modified":"2026-04-16T20:53:43","modified_gmt":"2026-04-16T20:53:43","slug":"educacion-presencial-en-salud","status":"publish","type":"page","link":"https:\/\/educacionensalud.imss.gob.mx\/p\/portal\/educacion-presencial-en-salud\/","title":{"rendered":"Educaci\u00f3n Presencial en Salud"},"content":{"rendered":"","protected":false},"excerpt":{"rendered":"<p>Cat\u00e1logo de Cursos de Educaci\u00f3n Permanente en Salud<br \/>\nSolicitud de capacitaci\u00f3n<br \/>\nDescarga encuesta de satisfacci\u00f3n<br \/>\nCursos-seminarios IMSS-AMSA<\/p>\n","protected":false},"author":2,"featured_media":0,"parent":0,"menu_order":0,"comment_status":"closed","ping_status":"closed","template":"home.php","meta":{"footnotes":""},"categories":[],"tags":[],"class_list":["post-30571","page","type-page","status-publish","hentry"],"acf":[],"_links":{"self":[{"href":"https:\/\/educacionensalud.imss.gob.mx\/p\/portal\/wp-json\/wp\/v2\/pages\/30571","targetHints":{"allow":["GET"]}}],"collection":[{"href":"https:\/\/educacionensalud.imss.gob.mx\/p\/portal\/wp-json\/wp\/v2\/pages"}],"about":[{"href":"https:\/\/educacionensalud.imss.gob.mx\/p\/portal\/wp-json\/wp\/v2\/types\/page"}],"author":[{"embeddable":true,"href":"https:\/\/educacionensalud.imss.gob.mx\/p\/portal\/wp-json\/wp\/v2\/users\/2"}],"replies":[{"embeddable":true,"href":"https:\/\/educacionensalud.imss.gob.mx\/p\/portal\/wp-json\/wp\/v2\/comments?post=30571"}],"version-history":[{"count":50,"href":"https:\/\/educacionensalud.imss.gob.mx\/p\/portal\/wp-json\/wp\/v2\/pages\/30571\/revisions"}],"predecessor-version":[{"id":34421,"href":"https:\/\/educacionensalud.imss.gob.mx\/p\/portal\/wp-json\/wp\/v2\/pages\/30571\/revisions\/34421"}],"wp:attachment":[{"href":"https:\/\/educacionensalud.imss.gob.mx\/p\/portal\/wp-json\/wp\/v2\/media?parent=30571"}],"wp:term":[{"taxonomy":"category","embeddable":true,"href":"https:\/\/educacionensalud.imss.gob.mx\/p\/portal\/wp-json\/wp\/v2\/categories?post=30571"},{"taxonomy":"post_tag","embeddable":true,"href":"https:\/\/educacionensalud.imss.gob.mx\/p\/portal\/wp-json\/wp\/v2\/tags?post=30571"}],"curies":[{"name":"wp","href":"https:\/\/api.w.org\/{rel}","templated":true}]}}