{"id":30333,"date":"2025-03-12T15:50:13","date_gmt":"2025-03-12T15:50:13","guid":{"rendered":"http:\/\/10.250.9.231\/portales\/74\/ces\/?page_id=30333"},"modified":"2025-09-23T19:43:12","modified_gmt":"2025-09-23T19:43:12","slug":"fofoe","status":"publish","type":"page","link":"https:\/\/educacionensalud.imss.gob.mx\/p\/portal\/fofoe\/","title":{"rendered":"Fondo de Fomento a la Educaci\u00f3n ( FOFOE )"},"content":{"rendered":"","protected":false},"excerpt":{"rendered":"<p>Organizaci\u00f3n y Apoyos FOFOE<br \/>\nEstrategia, Organizaci\u00f3n y Apoyo Educativo FOFOE<br \/>\nPrograma de trabajo<br \/>\nEstructura org\u00e1nica<br \/>\nSolicitud de apoyo del FOFOE<br \/>\nAvisos de Privacidad FOFOE<br \/>\nHonorarios Asimilados a Salarios<br \/>\nComprobante Fiscal Digital<br \/>\nProveedores Diversos<br \/>\nManual de Organizaci\u00f3n de la Direcci\u00f3n de Prestaciones M\u00e9dicas.<br \/>\nProcedimiento para la gesti\u00f3n de recursos financieros captados a trav\u00e9s del FOFOE, destinados al apoyo y mejora de programas educativos en salud del IMSS.<br \/>\nPlataforma Nacional de Transparencia<br \/>\nPara bibliotecarios<br \/>\nBibliotecas <\/p>\n","protected":false},"author":2,"featured_media":0,"parent":0,"menu_order":0,"comment_status":"closed","ping_status":"closed","template":"home.php","meta":{"footnotes":""},"categories":[],"tags":[],"class_list":["post-30333","page","type-page","status-publish","hentry"],"acf":[],"_links":{"self":[{"href":"https:\/\/educacionensalud.imss.gob.mx\/p\/portal\/wp-json\/wp\/v2\/pages\/30333","targetHints":{"allow":["GET"]}}],"collection":[{"href":"https:\/\/educacionensalud.imss.gob.mx\/p\/portal\/wp-json\/wp\/v2\/pages"}],"about":[{"href":"https:\/\/educacionensalud.imss.gob.mx\/p\/portal\/wp-json\/wp\/v2\/types\/page"}],"author":[{"embeddable":true,"href":"https:\/\/educacionensalud.imss.gob.mx\/p\/portal\/wp-json\/wp\/v2\/users\/2"}],"replies":[{"embeddable":true,"href":"https:\/\/educacionensalud.imss.gob.mx\/p\/portal\/wp-json\/wp\/v2\/comments?post=30333"}],"version-history":[{"count":63,"href":"https:\/\/educacionensalud.imss.gob.mx\/p\/portal\/wp-json\/wp\/v2\/pages\/30333\/revisions"}],"predecessor-version":[{"id":32826,"href":"https:\/\/educacionensalud.imss.gob.mx\/p\/portal\/wp-json\/wp\/v2\/pages\/30333\/revisions\/32826"}],"wp:attachment":[{"href":"https:\/\/educacionensalud.imss.gob.mx\/p\/portal\/wp-json\/wp\/v2\/media?parent=30333"}],"wp:term":[{"taxonomy":"category","embeddable":true,"href":"https:\/\/educacionensalud.imss.gob.mx\/p\/portal\/wp-json\/wp\/v2\/categories?post=30333"},{"taxonomy":"post_tag","embeddable":true,"href":"https:\/\/educacionensalud.imss.gob.mx\/p\/portal\/wp-json\/wp\/v2\/tags?post=30333"}],"curies":[{"name":"wp","href":"https:\/\/api.w.org\/{rel}","templated":true}]}}