{"id":7783,"date":"2021-07-08T05:06:18","date_gmt":"2021-07-08T05:06:18","guid":{"rendered":"http:\/\/educacionensalud.imss.gob.mx\/ces_wp\/?page_id=7783"},"modified":"2025-07-02T20:37:19","modified_gmt":"2025-07-02T20:37:19","slug":"vinculacion-educativa","status":"publish","type":"page","link":"https:\/\/educacionensalud.imss.gob.mx\/ces_wp\/vinculacion-educativa\/","title":{"rendered":"Vinculacio\u0301n Educativa"},"content":{"rendered":"\t\t<div data-elementor-type=\"wp-page\" data-elementor-id=\"7783\" class=\"elementor elementor-7783\" data-elementor-settings=\"[]\">\n\t\t\t\t\t\t\t<div class=\"elementor-section-wrap\">\n\t\t\t\t\t\t\t<section class=\"elementor-section elementor-top-section elementor-element elementor-element-87e1437 elementor-section-full_width elementor-section-stretched v.gr. menu-principal-servicios-container elementor-hidden-phone elementor-section-height-default elementor-section-height-default\" data-id=\"87e1437\" data-element_type=\"section\" data-settings=\"{&quot;stretch_section&quot;:&quot;section-stretched&quot;,&quot;background_background&quot;:&quot;classic&quot;}\">\n\t\t\t\t\t\t<div class=\"elementor-container elementor-column-gap-no\">\n\t\t\t\t\t<div class=\"elementor-column elementor-col-100 elementor-top-column elementor-element elementor-element-a82685a top column-style-top\" data-id=\"a82685a\" data-element_type=\"column\">\n\t\t\t<div class=\"elementor-widget-wrap elementor-element-populated\">\n\t\t\t\t\t\t\t\t<div class=\"elementor-element elementor-element-2822b00 elementor-widget elementor-widget-gva-navigation-menu\" data-id=\"2822b00\" data-element_type=\"widget\" data-widget_type=\"gva-navigation-menu.default\">\n\t\t\t\t<div class=\"elementor-widget-container\">\n\t\t\t<div class=\"gva-element-gva-navigation-menu gva-element\">   <div class=\"gva-navigation-menu  menu-align-center\">\r\n      <div class=\"menu-principal-servicios-container\"><ul id=\"menu-0unh\" class=\"gva-nav-menu gva-main-menu\"><li id=\"menu-item-30254\" class=\"menu-item menu-item-type-custom menu-item-object-custom menu-item-30254\"><a href=\"https:\/\/educacionensalud.imss.gob.mx\">Inicio<\/a><\/li>\n<li id=\"menu-item-4829\" class=\"menu-item menu-item-type-post_type menu-item-object-page menu-item-4829\"><a href=\"https:\/\/educacionensalud.imss.gob.mx\/ces_wp\/coordinacion-de-educacion-en-salud\/\">Con\u00f3cenos<\/a><\/li>\n<li id=\"menu-item-4830\" class=\"menu-item menu-item-type-post_type menu-item-object-page menu-item-4830\"><a href=\"https:\/\/educacionensalud.imss.gob.mx\/ces_wp\/normatividad\/\">Normatividad<\/a><\/li>\n<li id=\"menu-item-8700\" class=\"menu-item menu-item-type-custom menu-item-object-custom menu-item-has-children menu-item-8700\"><a href=\"#\">Tipo de capacitaci\u00f3n<span class=\"caret\"><\/span><\/a>\n<ul class=\"submenu-inner \">\n\t<li id=\"menu-item-9364\" class=\"menu-item menu-item-type-post_type menu-item-object-page menu-item-9364\"><a href=\"https:\/\/educacionensalud.imss.gob.mx\/ces_wp\/educacion-permanente-en-salud\/\">Educaci\u00f3n Permanente en Salud<\/a><\/li>\n\t<li id=\"menu-item-10613\" class=\"menu-item menu-item-type-post_type menu-item-object-page menu-item-10613\"><a href=\"https:\/\/educacionensalud.imss.gob.mx\/ces_wp\/docente-imss\/\">Docente IMSS<\/a><\/li>\n<\/ul>\n<\/li>\n<li id=\"menu-item-4838\" class=\"menu-item menu-item-type-custom menu-item-object-custom menu-item-has-children menu-item-4838\"><a href=\"#\">Sistemas de informaci\u00f3n<span class=\"caret\"><\/span><\/a>\n<ul class=\"submenu-inner \">\n\t<li id=\"menu-item-4839\" class=\"menu-item menu-item-type-custom menu-item-object-custom menu-item-4839\"><a target=\"_blank\" href=\"http:\/\/edumed.imss.gob.mx\/usu_acc\/\">SIICES<\/a><\/li>\n\t<li id=\"menu-item-4841\" class=\"menu-item menu-item-type-custom menu-item-object-custom menu-item-4841\"><a target=\"_blank\" href=\"http:\/\/edumed.imss.gob.mx\/Cursos\/\">SIPEC<\/a><\/li>\n\t<li id=\"menu-item-4846\" class=\"menu-item menu-item-type-custom menu-item-object-custom menu-item-4846\"><a target=\"_blank\" href=\"http:\/\/aplicativosweb-die.imss.gob.mx\/credpc\/index.php\">Reportes Desarrollo Profesional Continuo<\/a><\/li>\n\t<li id=\"menu-item-4847\" class=\"menu-item menu-item-type-custom menu-item-object-custom menu-item-4847\"><a target=\"_blank\" href=\"http:\/\/innovacioneducativa.imss.gob.mx\/\">Plataforma de Educaci\u00f3n a Distancia<\/a><\/li>\n\t<li id=\"menu-item-4848\" class=\"menu-item menu-item-type-custom menu-item-object-custom menu-item-4848\"><a target=\"_blank\" href=\"http:\/\/aplicativosweb-die.imss.gob.mx\/censo\/\">Censo Docente Institucional<\/a><\/li>\n\t<li id=\"menu-item-14093\" class=\"menu-item menu-item-type-custom menu-item-object-custom menu-item-14093\"><a href=\"https:\/\/educast.imss.gob.mx\/sys\/fofoe\/login\">Sistema de Administraci\u00f3n del FOFOE<\/a><\/li>\n\t<li id=\"menu-item-20565\" class=\"menu-item menu-item-type-custom menu-item-object-custom menu-item-20565\"><a href=\"http:\/\/11.32.41.94\/constan_ces\/\">CONSTAN-CES<\/a><\/li>\n<\/ul>\n<\/li>\n<li id=\"menu-item-4852\" class=\"menu-item menu-item-type-custom menu-item-object-custom menu-item-has-children menu-item-4852\"><a href=\"#\">Recursos<span class=\"caret\"><\/span><\/a>\n<ul class=\"submenu-inner \">\n\t<li id=\"menu-item-8813\" class=\"menu-item menu-item-type-post_type menu-item-object-page menu-item-8813\"><a href=\"https:\/\/educacionensalud.imss.gob.mx\/ces_wp\/fondo-de-fomento-a-la-educacion-fofoe\/\">Fondo de Fomento a la Educaci\u00f3n ( FOFOE )<\/a><\/li>\n\t<li id=\"menu-item-4856\" class=\"menu-item menu-item-type-custom menu-item-object-custom menu-item-4856\"><a href=\"http:\/\/educacionensalud.imss.gob.mx\/ces_wp\/educacion-presencial\/\">Educaci\u00f3n Presencial en Salud<\/a><\/li>\n\t<li id=\"menu-item-7346\" class=\"menu-item menu-item-type-post_type menu-item-object-page menu-item-7346\"><a href=\"https:\/\/educacionensalud.imss.gob.mx\/ces_wp\/sistema_bibliotecario_del_imss\/\">Sistema Bibliotecario del IMSS<\/a><\/li>\n\t<li id=\"menu-item-4858\" class=\"menu-item menu-item-type-custom menu-item-object-custom menu-item-4858\"><a href=\"http:\/\/educacionensalud.imss.gob.mx\/ces_wp\/ris\/\">Recursos de Informaci\u00f3n en Salud (RIS)<\/a><\/li>\n\t<li id=\"menu-item-4862\" class=\"menu-item menu-item-type-custom menu-item-object-custom menu-item-4862\"><a href=\"http:\/\/educacionensalud.imss.gob.mx\/ces_wp\/calidad-educativa\/\">Calidad Educativa<\/a><\/li>\n\t<li id=\"menu-item-8709\" class=\"menu-item menu-item-type-post_type menu-item-object-page menu-item-8709\"><a href=\"https:\/\/educacionensalud.imss.gob.mx\/ces_wp\/vinculacion-educativa\/\">Vinculacio\u0301n Educativa<\/a><\/li>\n\t<li id=\"menu-item-10148\" class=\"menu-item menu-item-type-custom menu-item-object-custom menu-item-10148\"><a target=\"_blank\" href=\"http:\/\/educacionensalud.imss.gob.mx\/ces_wp\/wp-content\/uploads\/2021\/08\/Convenios_Vigentes_250821.pdf\">Convenios<\/a><\/li>\n\t<li id=\"menu-item-30189\" class=\"menu-item menu-item-type-custom menu-item-object-custom menu-item-30189\"><a href=\"https:\/\/educacionensalud.imss.gob.mx\/ces_wp\/competencias-profesionales-y-transversales-para-el-personal-de-salud-del-imss\/\">Competencias profesionales y transversales para el personal de salud del IMSS<\/a><\/li>\n<\/ul>\n<\/li>\n<li id=\"menu-item-4865\" class=\"menu-item menu-item-type-post_type menu-item-object-page menu-item-4865\"><a href=\"https:\/\/educacionensalud.imss.gob.mx\/ces_wp\/directorio-ces\/\">Directorio CES<\/a><\/li>\n<li id=\"menu-item-4866\" class=\"menu-item menu-item-type-post_type menu-item-object-page menu-item-4866\"><a href=\"https:\/\/educacionensalud.imss.gob.mx\/ces_wp\/contacto\/\">Contactos<\/a><\/li>\n<\/ul><\/div>   <\/div><\/div>\t\t<\/div>\n\t\t\t\t<\/div>\n\t\t\t\t\t<\/div>\n\t\t<\/div>\n\t\t\t\t\t\t\t<\/div>\n\t\t<\/section>\n\t\t\t\t<section class=\"elementor-section elementor-top-section elementor-element elementor-element-a720218 elementor-section-boxed elementor-section-height-default elementor-section-height-default\" data-id=\"a720218\" data-element_type=\"section\">\n\t\t\t\t\t\t<div class=\"elementor-container elementor-column-gap-default\">\n\t\t\t\t\t<nav class=\"elementor-column elementor-col-100 elementor-top-column elementor-element elementor-element-ec30ebe top column-style-top\" data-id=\"ec30ebe\" data-element_type=\"column\">\n\t\t\t<div class=\"elementor-widget-wrap elementor-element-populated\">\n\t\t\t\t\t\t\t\t<div class=\"elementor-element elementor-element-5dee5a1 elementor-widget elementor-widget-spacer\" data-id=\"5dee5a1\" data-element_type=\"widget\" data-widget_type=\"spacer.default\">\n\t\t\t\t<div class=\"elementor-widget-container\">\n\t\t\t\t\t<div class=\"elementor-spacer\">\n\t\t\t<div class=\"elementor-spacer-inner\"><\/div>\n\t\t<\/div>\n\t\t\t\t<\/div>\n\t\t\t\t<\/div>\n\t\t\t\t\t<\/div>\n\t\t<\/nav>\n\t\t\t\t\t\t\t<\/div>\n\t\t<\/section>\n\t\t\t\t<section class=\"elementor-section elementor-top-section elementor-element elementor-element-0e36eef elementor-section-boxed elementor-section-height-default elementor-section-height-default\" data-id=\"0e36eef\" data-element_type=\"section\">\n\t\t\t\t\t\t<div class=\"elementor-container elementor-column-gap-default\">\n\t\t\t\t\t<div class=\"elementor-column elementor-col-100 elementor-top-column elementor-element elementor-element-9eef574 top column-style-top\" data-id=\"9eef574\" data-element_type=\"column\">\n\t\t\t<div class=\"elementor-widget-wrap elementor-element-populated\">\n\t\t\t\t\t\t\t\t<div class=\"elementor-element elementor-element-6584aa0 elementor-widget elementor-widget-gva-heading-block\" data-id=\"6584aa0\" data-element_type=\"widget\" data-widget_type=\"gva-heading-block.default\">\n\t\t\t\t<div class=\"elementor-widget-container\">\n\t\t\t<div class=\"gva-element-gva-heading-block gva-element\">   <div class=\"align-left style-1 widget gsc-heading box-align-left\">\r\n      <div class=\"content-inner\">\r\n         \r\n                  \r\n           \r\n         \r\n                     <h2 class=\"title\">\r\n               <span>Vinculacio\u0301n Educativa<\/span>\r\n            <\/h2>\r\n                  \r\n         \r\n      <\/div>\r\n   <\/div>\r\n   <div class=\"clearfix\"><\/div>\r\n<\/div>\t\t<\/div>\n\t\t\t\t<\/div>\n\t\t\t\t\t<\/div>\n\t\t<\/div>\n\t\t\t\t\t\t\t<\/div>\n\t\t<\/section>\n\t\t\t\t<section class=\"elementor-section elementor-top-section elementor-element elementor-element-68ccf11 elementor-section-stretched elementor-section-height-min-height elementor-section-full_width elementor-section-height-default elementor-section-items-middle\" data-id=\"68ccf11\" data-element_type=\"section\" data-settings=\"{&quot;stretch_section&quot;:&quot;section-stretched&quot;,&quot;background_background&quot;:&quot;classic&quot;}\">\n\t\t\t\t\t\t\t<div class=\"elementor-background-overlay\"><\/div>\n\t\t\t\t\t\t\t<div class=\"elementor-container elementor-column-gap-default\">\n\t\t\t\t\t<div class=\"elementor-column elementor-col-100 elementor-top-column elementor-element elementor-element-4cbec05 top column-style-top\" data-id=\"4cbec05\" data-element_type=\"column\">\n\t\t\t<div class=\"elementor-widget-wrap elementor-element-populated\">\n\t\t\t\t\t\t\t\t<section class=\"elementor-section elementor-inner-section elementor-element elementor-element-15a23a6 elementor-section-boxed elementor-section-height-default elementor-section-height-default\" data-id=\"15a23a6\" data-element_type=\"section\">\n\t\t\t\t\t\t<div class=\"elementor-container elementor-column-gap-default\">\n\t\t\t\t\t<div class=\"elementor-column elementor-col-50 elementor-inner-column elementor-element elementor-element-c5e6e33 top column-style-top\" data-id=\"c5e6e33\" data-element_type=\"column\">\n\t\t\t<div class=\"elementor-widget-wrap\">\n\t\t\t\t\t\t\t\t\t<\/div>\n\t\t<\/div>\n\t\t\t\t<div class=\"elementor-column elementor-col-50 elementor-inner-column elementor-element elementor-element-50e87f7 top column-style-top\" data-id=\"50e87f7\" data-element_type=\"column\">\n\t\t\t<div class=\"elementor-widget-wrap\">\n\t\t\t\t\t\t\t\t\t<\/div>\n\t\t<\/div>\n\t\t\t\t\t\t\t<\/div>\n\t\t<\/section>\n\t\t\t\t\t<\/div>\n\t\t<\/div>\n\t\t\t\t\t\t\t<\/div>\n\t\t<\/section>\n\t\t\t\t<section class=\"elementor-section elementor-top-section elementor-element elementor-element-9d05e0a elementor-section-boxed elementor-section-height-default elementor-section-height-default\" data-id=\"9d05e0a\" data-element_type=\"section\">\n\t\t\t\t\t\t<div class=\"elementor-container elementor-column-gap-default\">\n\t\t\t\t\t<div class=\"elementor-column elementor-col-100 elementor-top-column elementor-element elementor-element-6190bd6 top column-style-top\" data-id=\"6190bd6\" data-element_type=\"column\">\n\t\t\t<div class=\"elementor-widget-wrap elementor-element-populated\">\n\t\t\t\t\t\t\t\t<div class=\"elementor-element elementor-element-468fbd7 elementor-widget elementor-widget-spacer\" data-id=\"468fbd7\" data-element_type=\"widget\" data-widget_type=\"spacer.default\">\n\t\t\t\t<div class=\"elementor-widget-container\">\n\t\t\t\t\t<div class=\"elementor-spacer\">\n\t\t\t<div class=\"elementor-spacer-inner\"><\/div>\n\t\t<\/div>\n\t\t\t\t<\/div>\n\t\t\t\t<\/div>\n\t\t\t\t\t<\/div>\n\t\t<\/div>\n\t\t\t\t\t\t\t<\/div>\n\t\t<\/section>\n\t\t\t\t<section class=\"elementor-section elementor-top-section elementor-element elementor-element-4c2083b elementor-section-boxed elementor-section-height-default elementor-section-height-default\" data-id=\"4c2083b\" data-element_type=\"section\">\n\t\t\t\t\t\t<div class=\"elementor-container elementor-column-gap-default\">\n\t\t\t\t\t<div class=\"elementor-column elementor-col-33 elementor-top-column elementor-element elementor-element-64c5145 top column-style-top\" data-id=\"64c5145\" data-element_type=\"column\" data-settings=\"{&quot;background_background&quot;:&quot;classic&quot;}\">\n\t\t\t<div class=\"elementor-widget-wrap\">\n\t\t\t\t\t<div class=\"elementor-background-overlay\"><\/div>\n\t\t\t\t\t\t\t\t\t<\/div>\n\t\t<\/div>\n\t\t\t\t<div class=\"elementor-column elementor-col-66 elementor-top-column elementor-element elementor-element-1622167 top column-style-top\" data-id=\"1622167\" data-element_type=\"column\">\n\t\t\t<div class=\"elementor-widget-wrap\">\n\t\t\t\t\t\t\t\t\t<\/div>\n\t\t<\/div>\n\t\t\t\t\t\t\t<\/div>\n\t\t<\/section>\n\t\t\t\t<section class=\"elementor-section elementor-top-section elementor-element elementor-element-54a192d elementor-section-boxed elementor-section-height-default elementor-section-height-default\" data-id=\"54a192d\" data-element_type=\"section\">\n\t\t\t\t\t\t<div class=\"elementor-container elementor-column-gap-default\">\n\t\t\t\t\t<div class=\"elementor-column elementor-col-100 elementor-top-column elementor-element elementor-element-2f9b7e0 top column-style-top\" data-id=\"2f9b7e0\" data-element_type=\"column\">\n\t\t\t<div class=\"elementor-widget-wrap elementor-element-populated\">\n\t\t\t\t\t\t\t\t<div class=\"elementor-element elementor-element-e55f0f3 elementor-widget elementor-widget-spacer\" data-id=\"e55f0f3\" data-element_type=\"widget\" data-widget_type=\"spacer.default\">\n\t\t\t\t<div class=\"elementor-widget-container\">\n\t\t\t\t\t<div class=\"elementor-spacer\">\n\t\t\t<div class=\"elementor-spacer-inner\"><\/div>\n\t\t<\/div>\n\t\t\t\t<\/div>\n\t\t\t\t<\/div>\n\t\t\t\t\t<\/div>\n\t\t<\/div>\n\t\t\t\t\t\t\t<\/div>\n\t\t<\/section>\n\t\t\t\t<section class=\"elementor-section elementor-top-section elementor-element elementor-element-4830be8 elementor-section-boxed elementor-section-height-default elementor-section-height-default\" data-id=\"4830be8\" data-element_type=\"section\">\n\t\t\t\t\t\t<div class=\"elementor-container elementor-column-gap-default\">\n\t\t\t\t\t<div class=\"elementor-column elementor-col-50 elementor-top-column elementor-element elementor-element-25c08e1 top column-style-top\" data-id=\"25c08e1\" data-element_type=\"column\">\n\t\t\t<div class=\"elementor-widget-wrap elementor-element-populated\">\n\t\t\t\t\t\t\t\t<div class=\"elementor-element elementor-element-fa4af77 elementor-widget elementor-widget-image\" data-id=\"fa4af77\" data-element_type=\"widget\" data-widget_type=\"image.default\">\n\t\t\t\t<div class=\"elementor-widget-container\">\n\t\t\t\t\t<div class=\"elementor-image\">\n\t\t\t\t\t\t\t\t\t\t<img decoding=\"async\" src=\"https:\/\/educacionensalud.imss.gob.mx\/ces_wp\/wp-content\/uploads\/2021\/07\/Adiestramiento-IMSS.jpg\" title=\"Adiestramiento-IMSS\" alt=\"Adiestramiento-IMSS\" \/>\t\t\t\t\t\t\t\t\t\t\t<\/div>\n\t\t\t\t<\/div>\n\t\t\t\t<\/div>\n\t\t\t\t\t<\/div>\n\t\t<\/div>\n\t\t\t\t<div class=\"elementor-column elementor-col-50 elementor-top-column elementor-element elementor-element-923d07f top column-style-top\" data-id=\"923d07f\" data-element_type=\"column\">\n\t\t\t<div class=\"elementor-widget-wrap elementor-element-populated\">\n\t\t\t\t\t\t\t\t<div class=\"elementor-element elementor-element-9b99002 elementor-view-default elementor-position-top elementor-vertical-align-top elementor-widget elementor-widget-icon-box\" data-id=\"9b99002\" data-element_type=\"widget\" data-widget_type=\"icon-box.default\">\n\t\t\t\t<div class=\"elementor-widget-container\">\n\t\t\t\t\t<div class=\"elementor-icon-box-wrapper\">\n\t\t\t\t\t\t<div class=\"elementor-icon-box-icon\">\n\t\t\t\t<span class=\"elementor-icon elementor-animation-\" >\n\t\t\t\t<i aria-hidden=\"true\" class=\"fas fa-microscope\"><\/i>\t\t\t\t<\/span>\n\t\t\t<\/div>\n\t\t\t\t\t\t<div class=\"elementor-icon-box-content\">\n\t\t\t\t<h3 class=\"elementor-icon-box-title\">\n\t\t\t\t\t<span >Research to Publication<\/span>\n\t\t\t\t<\/h3>\n\t\t\t\t\t\t\t\t<p class=\"elementor-icon-box-description\"><br>Curso que utiliza una metodolog\u00eda de investigaci\u00f3n y un programa de publicaci\u00f3n dise\u00f1ado espec\u00edficamente para m\u00e9dicos e investigadores de la salud, presentado por British Medical Journal (BMJ) en colaboraci\u00f3n con la Universidad de California en San Francisco (UCSF).<\/p>\n\t\t\t\t\t\t\t<\/div>\n\t\t<\/div>\n\t\t\t\t<\/div>\n\t\t\t\t<\/div>\n\t\t\t\t<div class=\"elementor-element elementor-element-fb85232 elementor-hidden-desktop elementor-hidden-tablet elementor-hidden-phone elementor-view-default elementor-position-top elementor-vertical-align-top elementor-widget elementor-widget-icon-box\" data-id=\"fb85232\" data-element_type=\"widget\" data-widget_type=\"icon-box.default\">\n\t\t\t\t<div class=\"elementor-widget-container\">\n\t\t\t\t\t<div class=\"elementor-icon-box-wrapper\">\n\t\t\t\t\t\t<div class=\"elementor-icon-box-icon\">\n\t\t\t\t<span class=\"elementor-icon elementor-animation-\" >\n\t\t\t\t<i aria-hidden=\"true\" class=\"fas fa-star\"><\/i>\t\t\t\t<\/span>\n\t\t\t<\/div>\n\t\t\t\t\t\t<div class=\"elementor-icon-box-content\">\n\t\t\t\t<h3 class=\"elementor-icon-box-title\">\n\t\t\t\t\t<span >Programa de Reconocimiento a la Atenci\u00f3n de Calidad de M\u00e9dicos<\/span>\n\t\t\t\t<\/h3>\n\t\t\t\t\t\t\t\t<p class=\"elementor-icon-box-description\"><br>Estomat\u00f3logos y Cirujanos Maxilofaciales de Base y Confianza (PRACMED)\u201d para la evaluaci\u00f3n 2020, Evaluaci\u00f3n del desempe\u00f1o acad\u00e9mico a los M\u00e9dicos de Confianza, adscritos a nivel central\n<\/p>\n\t\t\t\t\t\t\t<\/div>\n\t\t<\/div>\n\t\t\t\t<\/div>\n\t\t\t\t<\/div>\n\t\t\t\t<div class=\"elementor-element elementor-element-5c03a01 elementor-view-default elementor-position-top elementor-vertical-align-top elementor-widget elementor-widget-icon-box\" data-id=\"5c03a01\" data-element_type=\"widget\" data-widget_type=\"icon-box.default\">\n\t\t\t\t<div class=\"elementor-widget-container\">\n\t\t\t\t\t<div class=\"elementor-icon-box-wrapper\">\n\t\t\t\t\t\t<div class=\"elementor-icon-box-icon\">\n\t\t\t\t<span class=\"elementor-icon elementor-animation-\" >\n\t\t\t\t<i aria-hidden=\"true\" class=\"far fa-handshake\"><\/i>\t\t\t\t<\/span>\n\t\t\t<\/div>\n\t\t\t\t\t\t<div class=\"elementor-icon-box-content\">\n\t\t\t\t<h3 class=\"elementor-icon-box-title\">\n\t\t\t\t\t<span >Alianza Medica Para la Salud (AMSA)<\/span>\n\t\t\t\t<\/h3>\n\t\t\t\t\t\t\t\t<p class=\"elementor-icon-box-description\"><br>Convenio de establecer las bases de colaboraci\u00f3n para que el personal m\u00e9dico que presta sus servicios en \u201cEL IMSS\u201d participe en cursos de capacitaci\u00f3n en Salzburgo Austria.<br><br><br><\/p>\n\t\t\t\t\t\t\t<\/div>\n\t\t<\/div>\n\t\t\t\t<\/div>\n\t\t\t\t<\/div>\n\t\t\t\t<div class=\"elementor-element elementor-element-f81f5d2 elementor-widget elementor-widget-text-editor\" data-id=\"f81f5d2\" data-element_type=\"widget\" data-widget_type=\"text-editor.default\">\n\t\t\t\t<div class=\"elementor-widget-container\">\n\t\t\t\t\t<div class=\"elementor-text-editor elementor-clearfix\"><p style=\"text-align: center;\"><a href=\"http:\/\/educacionensalud.imss.gob.mx\/ces_wp\/wp-content\/uploads\/2021\/05\/2530-003-003.pdf\">Leer m\u00e1s<\/a><\/p><\/div>\n\t\t\t\t<\/div>\n\t\t\t\t<\/div>\n\t\t\t\t\t<\/div>\n\t\t<\/div>\n\t\t\t\t\t\t\t<\/div>\n\t\t<\/section>\n\t\t\t\t<section class=\"elementor-section elementor-top-section elementor-element elementor-element-bf24278 elementor-section-boxed elementor-section-height-default elementor-section-height-default\" data-id=\"bf24278\" data-element_type=\"section\">\n\t\t\t\t\t\t<div class=\"elementor-container elementor-column-gap-default\">\n\t\t\t\t\t<div class=\"elementor-column elementor-col-100 elementor-top-column elementor-element elementor-element-148a2bf top column-style-top\" data-id=\"148a2bf\" data-element_type=\"column\">\n\t\t\t<div class=\"elementor-widget-wrap elementor-element-populated\">\n\t\t\t\t\t\t\t\t<div class=\"elementor-element elementor-element-c3f8141 elementor-widget elementor-widget-spacer\" data-id=\"c3f8141\" data-element_type=\"widget\" data-widget_type=\"spacer.default\">\n\t\t\t\t<div class=\"elementor-widget-container\">\n\t\t\t\t\t<div class=\"elementor-spacer\">\n\t\t\t<div class=\"elementor-spacer-inner\"><\/div>\n\t\t<\/div>\n\t\t\t\t<\/div>\n\t\t\t\t<\/div>\n\t\t\t\t\t<\/div>\n\t\t<\/div>\n\t\t\t\t\t\t\t<\/div>\n\t\t<\/section>\n\t\t\t\t\t\t<\/div>\n\t\t\t\t\t<\/div>\n\t\t","protected":false},"excerpt":{"rendered":"<p>Inicio Con\u00f3cenos Normatividad Tipo de capacitaci\u00f3n Educaci\u00f3n Permanente en Salud Docente IMSS Sistemas de informaci\u00f3n SIICES SIPEC Reportes Desarrollo Profesional Continuo Plataforma de Educaci\u00f3n a Distancia Censo Docente Institucional Sistema de Administraci\u00f3n del FOFOE CONSTAN-CES Recursos Fondo de Fomento a la Educaci\u00f3n ( FOFOE ) Educaci\u00f3n Presencial en Salud Sistema Bibliotecario del IMSS Recursos de [&hellip;]<\/p>\n","protected":false},"author":1,"featured_media":0,"parent":0,"menu_order":0,"comment_status":"closed","ping_status":"closed","template":"","meta":[],"_links":{"self":[{"href":"https:\/\/educacionensalud.imss.gob.mx\/ces_wp\/wp-json\/wp\/v2\/pages\/7783"}],"collection":[{"href":"https:\/\/educacionensalud.imss.gob.mx\/ces_wp\/wp-json\/wp\/v2\/pages"}],"about":[{"href":"https:\/\/educacionensalud.imss.gob.mx\/ces_wp\/wp-json\/wp\/v2\/types\/page"}],"author":[{"embeddable":true,"href":"https:\/\/educacionensalud.imss.gob.mx\/ces_wp\/wp-json\/wp\/v2\/users\/1"}],"replies":[{"embeddable":true,"href":"https:\/\/educacionensalud.imss.gob.mx\/ces_wp\/wp-json\/wp\/v2\/comments?post=7783"}],"version-history":[{"count":61,"href":"https:\/\/educacionensalud.imss.gob.mx\/ces_wp\/wp-json\/wp\/v2\/pages\/7783\/revisions"}],"predecessor-version":[{"id":32184,"href":"https:\/\/educacionensalud.imss.gob.mx\/ces_wp\/wp-json\/wp\/v2\/pages\/7783\/revisions\/32184"}],"wp:attachment":[{"href":"https:\/\/educacionensalud.imss.gob.mx\/ces_wp\/wp-json\/wp\/v2\/media?parent=7783"}],"curies":[{"name":"wp","href":"https:\/\/api.w.org\/{rel}","templated":true}]}}