{"id":2442,"date":"2021-05-24T19:07:25","date_gmt":"2021-05-24T19:07:25","guid":{"rendered":"http:\/\/educacionensalud.imss.gob.mx\/ces_wp\/?page_id=2442"},"modified":"2025-10-07T15:08:02","modified_gmt":"2025-10-07T15:08:02","slug":"especialidades-de-rama","status":"publish","type":"page","link":"https:\/\/educacionensalud.imss.gob.mx\/ces_wp\/especialidades-de-rama\/","title":{"rendered":"Especialidades de rama"},"content":{"rendered":"\t\t<div data-elementor-type=\"wp-page\" data-elementor-id=\"2442\" class=\"elementor elementor-2442\" data-elementor-settings=\"[]\">\n\t\t\t\t\t\t\t<div class=\"elementor-section-wrap\">\n\t\t\t\t\t\t\t<section class=\"elementor-section elementor-top-section elementor-element elementor-element-ffdff88 elementor-section-full_width elementor-section-stretched elementor-hidden-phone elementor-hidden-tablet elementor-section-height-default elementor-section-height-default\" data-id=\"ffdff88\" data-element_type=\"section\" data-settings=\"{&quot;stretch_section&quot;:&quot;section-stretched&quot;,&quot;background_background&quot;:&quot;classic&quot;}\">\n\t\t\t\t\t\t<div class=\"elementor-container elementor-column-gap-no\">\n\t\t\t\t\t<div class=\"elementor-column elementor-col-100 elementor-top-column elementor-element elementor-element-c59d348 top column-style-top\" data-id=\"c59d348\" data-element_type=\"column\">\n\t\t\t<div class=\"elementor-widget-wrap elementor-element-populated\">\n\t\t\t\t\t\t\t\t<div class=\"elementor-element elementor-element-449290f elementor-widget elementor-widget-gva-navigation-menu\" data-id=\"449290f\" data-element_type=\"widget\" data-widget_type=\"gva-navigation-menu.default\">\n\t\t\t\t<div class=\"elementor-widget-container\">\n\t\t\t<div class=\"gva-element-gva-navigation-menu gva-element\">   <div class=\"gva-navigation-menu  menu-align-center\">\r\n      <div class=\"menu-principal-servicios-container\"><ul id=\"menu-woak\" class=\"gva-nav-menu gva-main-menu\"><li id=\"menu-item-30254\" class=\"menu-item menu-item-type-custom menu-item-object-custom menu-item-30254\"><a href=\"https:\/\/educacionensalud.imss.gob.mx\">Inicio<\/a><\/li>\n<li id=\"menu-item-4829\" class=\"menu-item menu-item-type-post_type menu-item-object-page menu-item-4829\"><a href=\"https:\/\/educacionensalud.imss.gob.mx\/ces_wp\/coordinacion-de-educacion-en-salud\/\">Con\u00f3cenos<\/a><\/li>\n<li id=\"menu-item-4830\" class=\"menu-item menu-item-type-post_type menu-item-object-page menu-item-4830\"><a href=\"https:\/\/educacionensalud.imss.gob.mx\/ces_wp\/normatividad\/\">Normatividad<\/a><\/li>\n<li id=\"menu-item-8700\" class=\"menu-item menu-item-type-custom menu-item-object-custom menu-item-has-children menu-item-8700\"><a href=\"#\">Tipo de capacitaci\u00f3n<span class=\"caret\"><\/span><\/a>\n<ul class=\"submenu-inner \">\n\t<li id=\"menu-item-9364\" class=\"menu-item menu-item-type-post_type menu-item-object-page menu-item-9364\"><a href=\"https:\/\/educacionensalud.imss.gob.mx\/ces_wp\/educacion-permanente-en-salud\/\">Educaci\u00f3n Permanente en Salud<\/a><\/li>\n\t<li id=\"menu-item-10613\" class=\"menu-item menu-item-type-post_type menu-item-object-page menu-item-10613\"><a href=\"https:\/\/educacionensalud.imss.gob.mx\/ces_wp\/docente-imss\/\">Docente IMSS<\/a><\/li>\n<\/ul>\n<\/li>\n<li id=\"menu-item-4838\" class=\"menu-item menu-item-type-custom menu-item-object-custom menu-item-has-children menu-item-4838\"><a href=\"#\">Sistemas de informaci\u00f3n<span class=\"caret\"><\/span><\/a>\n<ul class=\"submenu-inner \">\n\t<li id=\"menu-item-4839\" class=\"menu-item menu-item-type-custom menu-item-object-custom menu-item-4839\"><a target=\"_blank\" href=\"http:\/\/edumed.imss.gob.mx\/usu_acc\/\">SIICES<\/a><\/li>\n\t<li id=\"menu-item-4841\" class=\"menu-item menu-item-type-custom menu-item-object-custom menu-item-4841\"><a target=\"_blank\" href=\"http:\/\/edumed.imss.gob.mx\/Cursos\/\">SIPEC<\/a><\/li>\n\t<li id=\"menu-item-4846\" class=\"menu-item menu-item-type-custom menu-item-object-custom menu-item-4846\"><a target=\"_blank\" href=\"http:\/\/aplicativosweb-die.imss.gob.mx\/credpc\/index.php\">Reportes Desarrollo Profesional Continuo<\/a><\/li>\n\t<li id=\"menu-item-4847\" class=\"menu-item menu-item-type-custom menu-item-object-custom menu-item-4847\"><a target=\"_blank\" href=\"http:\/\/innovacioneducativa.imss.gob.mx\/\">Plataforma de Educaci\u00f3n a Distancia<\/a><\/li>\n\t<li id=\"menu-item-4848\" class=\"menu-item menu-item-type-custom menu-item-object-custom menu-item-4848\"><a target=\"_blank\" href=\"http:\/\/aplicativosweb-die.imss.gob.mx\/censo\/\">Censo Docente Institucional<\/a><\/li>\n\t<li id=\"menu-item-14093\" class=\"menu-item menu-item-type-custom menu-item-object-custom menu-item-14093\"><a href=\"https:\/\/educast.imss.gob.mx\/sys\/fofoe\/login\">Sistema de Administraci\u00f3n del FOFOE<\/a><\/li>\n\t<li id=\"menu-item-20565\" class=\"menu-item menu-item-type-custom menu-item-object-custom menu-item-20565\"><a href=\"http:\/\/11.32.41.94\/constan_ces\/\">CONSTAN-CES<\/a><\/li>\n<\/ul>\n<\/li>\n<li id=\"menu-item-4852\" class=\"menu-item menu-item-type-custom menu-item-object-custom menu-item-has-children menu-item-4852\"><a href=\"#\">Recursos<span class=\"caret\"><\/span><\/a>\n<ul class=\"submenu-inner \">\n\t<li id=\"menu-item-8813\" class=\"menu-item menu-item-type-post_type menu-item-object-page menu-item-8813\"><a href=\"https:\/\/educacionensalud.imss.gob.mx\/ces_wp\/fondo-de-fomento-a-la-educacion-fofoe\/\">Fondo de Fomento a la Educaci\u00f3n ( FOFOE )<\/a><\/li>\n\t<li id=\"menu-item-4856\" class=\"menu-item menu-item-type-custom menu-item-object-custom menu-item-4856\"><a href=\"http:\/\/educacionensalud.imss.gob.mx\/ces_wp\/educacion-presencial\/\">Educaci\u00f3n Presencial en Salud<\/a><\/li>\n\t<li id=\"menu-item-7346\" class=\"menu-item menu-item-type-post_type menu-item-object-page menu-item-7346\"><a href=\"https:\/\/educacionensalud.imss.gob.mx\/ces_wp\/sistema_bibliotecario_del_imss\/\">Sistema Bibliotecario del IMSS<\/a><\/li>\n\t<li id=\"menu-item-4858\" class=\"menu-item menu-item-type-custom menu-item-object-custom menu-item-4858\"><a href=\"http:\/\/educacionensalud.imss.gob.mx\/ces_wp\/ris\/\">Recursos de Informaci\u00f3n en Salud (RIS)<\/a><\/li>\n\t<li id=\"menu-item-4862\" class=\"menu-item menu-item-type-custom menu-item-object-custom menu-item-4862\"><a href=\"http:\/\/educacionensalud.imss.gob.mx\/ces_wp\/calidad-educativa\/\">Calidad Educativa<\/a><\/li>\n\t<li id=\"menu-item-8709\" class=\"menu-item menu-item-type-post_type menu-item-object-page menu-item-8709\"><a href=\"https:\/\/educacionensalud.imss.gob.mx\/ces_wp\/vinculacion-educativa\/\">Vinculacio\u0301n Educativa<\/a><\/li>\n\t<li id=\"menu-item-10148\" class=\"menu-item menu-item-type-custom menu-item-object-custom menu-item-10148\"><a target=\"_blank\" href=\"http:\/\/educacionensalud.imss.gob.mx\/ces_wp\/wp-content\/uploads\/2021\/08\/Convenios_Vigentes_250821.pdf\">Convenios<\/a><\/li>\n\t<li id=\"menu-item-30189\" class=\"menu-item menu-item-type-custom menu-item-object-custom menu-item-30189\"><a href=\"https:\/\/educacionensalud.imss.gob.mx\/ces_wp\/competencias-profesionales-y-transversales-para-el-personal-de-salud-del-imss\/\">Competencias profesionales y transversales para el personal de salud del IMSS<\/a><\/li>\n<\/ul>\n<\/li>\n<li id=\"menu-item-4865\" class=\"menu-item menu-item-type-post_type menu-item-object-page menu-item-4865\"><a href=\"https:\/\/educacionensalud.imss.gob.mx\/ces_wp\/directorio-ces\/\">Directorio CES<\/a><\/li>\n<li id=\"menu-item-4866\" class=\"menu-item menu-item-type-post_type menu-item-object-page menu-item-4866\"><a href=\"https:\/\/educacionensalud.imss.gob.mx\/ces_wp\/contacto\/\">Contactos<\/a><\/li>\n<\/ul><\/div>   <\/div><\/div>\t\t<\/div>\n\t\t\t\t<\/div>\n\t\t\t\t\t<\/div>\n\t\t<\/div>\n\t\t\t\t\t\t\t<\/div>\n\t\t<\/section>\n\t\t\t\t<section class=\"elementor-section elementor-top-section elementor-element elementor-element-e5e7b5e elementor-section-boxed elementor-section-height-default elementor-section-height-default\" data-id=\"e5e7b5e\" data-element_type=\"section\">\n\t\t\t\t\t\t<div class=\"elementor-container elementor-column-gap-default\">\n\t\t\t\t\t<div class=\"elementor-column elementor-col-100 elementor-top-column elementor-element elementor-element-64ff56d top column-style-top\" data-id=\"64ff56d\" data-element_type=\"column\">\n\t\t\t<div class=\"elementor-widget-wrap elementor-element-populated\">\n\t\t\t\t\t\t\t\t<div class=\"elementor-element elementor-element-3862917 elementor-widget elementor-widget-html\" data-id=\"3862917\" data-element_type=\"widget\" data-widget_type=\"html.default\">\n\t\t\t\t<div class=\"elementor-widget-container\">\n\t\t\t<!--\n<script>\n    window.location.href = \"https:\/\/edumed.imss.gob.mx\/convocatorias.html\";window.location.href = \"https:\/\/edumed.imss.gob.mx\/convocatorias.html\";\n<\/script>--><!--\n<script>\n    window.location.href = \"https:\/\/edumed.imss.gob.mx\/convocatorias.html\";window.location.href = \"https:\/\/edumed.imss.gob.mx\/convocatorias.html\";\n<\/script>-->\t\t<\/div>\n\t\t\t\t<\/div>\n\t\t\t\t<div class=\"elementor-element elementor-element-ed9fbd6 elementor-view-default elementor-position-top elementor-vertical-align-top elementor-widget elementor-widget-icon-box\" data-id=\"ed9fbd6\" data-element_type=\"widget\" data-widget_type=\"icon-box.default\">\n\t\t\t\t<div class=\"elementor-widget-container\">\n\t\t\t\t\t<div class=\"elementor-icon-box-wrapper\">\n\t\t\t\t\t\t<div class=\"elementor-icon-box-icon\">\n\t\t\t\t<a class=\"elementor-icon elementor-animation-\" href=\"https:\/\/educacionensalud.imss.gob.mx\/p\/portal\/\">\n\t\t\t\t<i aria-hidden=\"true\" class=\"fas fa-exclamation-triangle\"><\/i>\t\t\t\t<\/a>\n\t\t\t<\/div>\n\t\t\t\t\t\t<div class=\"elementor-icon-box-content\">\n\t\t\t\t<h3 class=\"elementor-icon-box-title\">\n\t\t\t\t\t<a href=\"https:\/\/educacionensalud.imss.gob.mx\/p\/portal\/\"><\/a>\n\t\t\t\t<\/h3>\n\t\t\t\t\t\t\t\t<p class=\"elementor-icon-box-description\">Este sitio web corresponde a una versi\u00f3n anterior del portal.\nEl nuevo portal oficial ya est\u00e1 disponible en una direcci\u00f3n diferente.\nTe recomendamos visitarlo para acceder a la informaci\u00f3n m\u00e1s actualizada y continuar navegando con normalidad.<\/p>\n\t\t\t\t\t\t\t<\/div>\n\t\t<\/div>\n\t\t\t\t<\/div>\n\t\t\t\t<\/div>\n\t\t\t\t<div class=\"elementor-element elementor-element-e200e26 elementor-align-center elementor-widget elementor-widget-button\" data-id=\"e200e26\" data-element_type=\"widget\" data-widget_type=\"button.default\">\n\t\t\t\t<div class=\"elementor-widget-container\">\n\t\t\t\t\t<div class=\"elementor-button-wrapper\">\n\t\t\t<a href=\"https:\/\/educacionensalud.imss.gob.mx\/p\/portal\/\" class=\"elementor-button-link elementor-button elementor-size-sm\" role=\"button\">\n\t\t\t\t\t\t<span class=\"elementor-button-content-wrapper\">\n\t\t\t\t\t\t<span class=\"elementor-button-text\">VISTA EL NUEVO PORTAL<\/span>\n\t\t<\/span>\n\t\t\t\t\t<\/a>\n\t\t<\/div>\n\t\t\t\t<\/div>\n\t\t\t\t<\/div>\n\t\t\t\t<div class=\"elementor-element elementor-element-14ffca3 elementor-widget elementor-widget-spacer\" data-id=\"14ffca3\" data-element_type=\"widget\" data-widget_type=\"spacer.default\">\n\t\t\t\t<div class=\"elementor-widget-container\">\n\t\t\t\t\t<div class=\"elementor-spacer\">\n\t\t\t<div class=\"elementor-spacer-inner\"><\/div>\n\t\t<\/div>\n\t\t\t\t<\/div>\n\t\t\t\t<\/div>\n\t\t\t\t\t<\/div>\n\t\t<\/div>\n\t\t\t\t\t\t\t<\/div>\n\t\t<\/section>\n\t\t\t\t<section class=\"elementor-section elementor-top-section elementor-element elementor-element-ceb6799 elementor-section-boxed elementor-section-height-default elementor-section-height-default\" data-id=\"ceb6799\" data-element_type=\"section\">\n\t\t\t\t\t\t<div class=\"elementor-container elementor-column-gap-default\">\n\t\t\t\t\t<div class=\"elementor-column elementor-col-100 elementor-top-column elementor-element elementor-element-ca8bb9c top column-style-top\" data-id=\"ca8bb9c\" data-element_type=\"column\">\n\t\t\t<div class=\"elementor-widget-wrap elementor-element-populated\">\n\t\t\t\t\t\t\t\t<div class=\"elementor-element elementor-element-f0db020 elementor-widget elementor-widget-text-editor\" data-id=\"f0db020\" data-element_type=\"widget\" data-widget_type=\"text-editor.default\">\n\t\t\t\t<div class=\"elementor-widget-container\">\n\t\t\t\t\t<div class=\"elementor-text-editor elementor-clearfix\"><p><a href=\"http:\/\/educacionensalud.imss.gob.mx\/ces_wp\/posgrado\/\">Posgrado<\/a> \/ Especialidades de rama<\/p><\/div>\n\t\t\t\t<\/div>\n\t\t\t\t<\/div>\n\t\t\t\t\t<\/div>\n\t\t<\/div>\n\t\t\t\t\t\t\t<\/div>\n\t\t<\/section>\n\t\t\t\t<section class=\"elementor-section elementor-top-section elementor-element elementor-element-0e36eef elementor-section-boxed elementor-section-height-default elementor-section-height-default\" data-id=\"0e36eef\" data-element_type=\"section\">\n\t\t\t\t\t\t<div class=\"elementor-container elementor-column-gap-default\">\n\t\t\t\t\t<div class=\"elementor-column elementor-col-100 elementor-top-column elementor-element elementor-element-9eef574 top column-style-top\" data-id=\"9eef574\" data-element_type=\"column\">\n\t\t\t<div class=\"elementor-widget-wrap elementor-element-populated\">\n\t\t\t\t\t\t\t\t<div class=\"elementor-element elementor-element-6584aa0 elementor-widget elementor-widget-gva-heading-block\" data-id=\"6584aa0\" data-element_type=\"widget\" data-widget_type=\"gva-heading-block.default\">\n\t\t\t\t<div class=\"elementor-widget-container\">\n\t\t\t<div class=\"gva-element-gva-heading-block gva-element\">   <div class=\"align-left style-1 widget gsc-heading box-align-left\">\r\n      <div class=\"content-inner\">\r\n         \r\n                  \r\n           \r\n         \r\n                     <h2 class=\"title\">\r\n               <span>Especialidades de entrada indirecta<\/span>\r\n            <\/h2>\r\n                  \r\n         \r\n      <\/div>\r\n   <\/div>\r\n   <div class=\"clearfix\"><\/div>\r\n<\/div>\t\t<\/div>\n\t\t\t\t<\/div>\n\t\t\t\t\t<\/div>\n\t\t<\/div>\n\t\t\t\t\t\t\t<\/div>\n\t\t<\/section>\n\t\t\t\t<section class=\"elementor-section elementor-top-section elementor-element elementor-element-8d941d4 elementor-section-stretched elementor-section-height-min-height elementor-section-full_width elementor-section-height-default elementor-section-items-middle\" data-id=\"8d941d4\" data-element_type=\"section\" data-settings=\"{&quot;stretch_section&quot;:&quot;section-stretched&quot;,&quot;background_background&quot;:&quot;classic&quot;}\">\n\t\t\t\t\t\t\t<div class=\"elementor-background-overlay\"><\/div>\n\t\t\t\t\t\t\t<div class=\"elementor-container elementor-column-gap-default\">\n\t\t\t\t\t<div class=\"elementor-column elementor-col-100 elementor-top-column elementor-element elementor-element-6a41d3a top column-style-top\" data-id=\"6a41d3a\" data-element_type=\"column\">\n\t\t\t<div class=\"elementor-widget-wrap elementor-element-populated\">\n\t\t\t\t\t\t\t\t<section class=\"elementor-section elementor-inner-section elementor-element elementor-element-9742f2e elementor-section-boxed elementor-section-height-default elementor-section-height-default\" data-id=\"9742f2e\" data-element_type=\"section\">\n\t\t\t\t\t\t<div class=\"elementor-container elementor-column-gap-default\">\n\t\t\t\t\t<div class=\"elementor-column elementor-col-50 elementor-inner-column elementor-element elementor-element-e7bd3e3 top column-style-top\" data-id=\"e7bd3e3\" data-element_type=\"column\">\n\t\t\t<div class=\"elementor-widget-wrap elementor-element-populated\">\n\t\t\t\t\t\t\t\t<div class=\"elementor-element elementor-element-82ca19e elementor-widget elementor-widget-text-editor\" data-id=\"82ca19e\" data-element_type=\"widget\" data-widget_type=\"text-editor.default\">\n\t\t\t\t<div class=\"elementor-widget-container\">\n\t\t\t\t\t<div class=\"elementor-text-editor elementor-clearfix\"><p style=\"font-weight: 400;\">Los cursos de especializaci\u00f3n de entrada indirecta en el IMSS requieren como requisito de ingreso haber cursado y aprobado uno o m\u00e1s a\u00f1os de un curso de especializaci\u00f3n m\u00e9dica de entrada directa o indirecta (via ENARM).<\/p><\/div>\n\t\t\t\t<\/div>\n\t\t\t\t<\/div>\n\t\t\t\t\t<\/div>\n\t\t<\/div>\n\t\t\t\t<div class=\"elementor-column elementor-col-50 elementor-inner-column elementor-element elementor-element-4e0e085 top column-style-top\" data-id=\"4e0e085\" data-element_type=\"column\">\n\t\t\t<div class=\"elementor-widget-wrap\">\n\t\t\t\t\t\t\t\t\t<\/div>\n\t\t<\/div>\n\t\t\t\t\t\t\t<\/div>\n\t\t<\/section>\n\t\t\t\t\t<\/div>\n\t\t<\/div>\n\t\t\t\t\t\t\t<\/div>\n\t\t<\/section>\n\t\t\t\t<section class=\"elementor-section elementor-top-section elementor-element elementor-element-4481b26 elementor-section-boxed elementor-section-height-default elementor-section-height-default\" data-id=\"4481b26\" data-element_type=\"section\">\n\t\t\t\t\t\t<div class=\"elementor-container elementor-column-gap-default\">\n\t\t\t\t\t<div class=\"elementor-column elementor-col-100 elementor-top-column elementor-element elementor-element-54eaad7 top column-style-top\" data-id=\"54eaad7\" data-element_type=\"column\">\n\t\t\t<div class=\"elementor-widget-wrap elementor-element-populated\">\n\t\t\t\t\t\t\t\t<div class=\"elementor-element elementor-element-c827d34 elementor-widget elementor-widget-spacer\" data-id=\"c827d34\" data-element_type=\"widget\" data-widget_type=\"spacer.default\">\n\t\t\t\t<div class=\"elementor-widget-container\">\n\t\t\t\t\t<div class=\"elementor-spacer\">\n\t\t\t<div class=\"elementor-spacer-inner\"><\/div>\n\t\t<\/div>\n\t\t\t\t<\/div>\n\t\t\t\t<\/div>\n\t\t\t\t\t<\/div>\n\t\t<\/div>\n\t\t\t\t\t\t\t<\/div>\n\t\t<\/section>\n\t\t\t\t<section class=\"elementor-section elementor-top-section elementor-element elementor-element-946899a elementor-section-boxed elementor-section-height-default elementor-section-height-default\" data-id=\"946899a\" data-element_type=\"section\">\n\t\t\t\t\t\t<div class=\"elementor-container elementor-column-gap-default\">\n\t\t\t\t\t<div class=\"elementor-column elementor-col-100 elementor-top-column elementor-element elementor-element-8c6cbdd top column-style-top\" data-id=\"8c6cbdd\" data-element_type=\"column\">\n\t\t\t<div class=\"elementor-widget-wrap elementor-element-populated\">\n\t\t\t\t\t\t\t\t<div class=\"elementor-element elementor-element-50ac3a9 elementor-widget elementor-widget-text-editor\" data-id=\"50ac3a9\" data-element_type=\"widget\" data-widget_type=\"text-editor.default\">\n\t\t\t\t<div class=\"elementor-widget-container\">\n\t\t\t\t\t<div class=\"elementor-text-editor elementor-clearfix\"><div id=\"footable_parent_2388\"\n     class=\"footable_parent ninja_table_wrapper loading_ninja_table wp_table_data_press_parent semantic_ui \">\n                <table data-ninja_table_instance=\"ninja_table_instance_0\" data-footable_id=\"2388\" data-filter-delay=\"500\" aria-label=\"Especialidades de entrada indirecta\"            id=\"footable_2388\"\n           data-unique_identifier=\"ninja_table_unique_id_1222787055_2388\"\n           class=\" foo-table ninja_footable foo_table_2388 ninja_table_unique_id_1222787055_2388 ui table  nt_type_ajax_table selectable striped vertical_centered  footable-paging-right\">\n                <colgroup>\n                            <col class=\"ninja_column_0 \">\n                    <\/colgroup>\n            <\/table>\n    \n    \n    \n<\/div>\n<\/div>\n\t\t\t\t<\/div>\n\t\t\t\t<\/div>\n\t\t\t\t\t<\/div>\n\t\t<\/div>\n\t\t\t\t\t\t\t<\/div>\n\t\t<\/section>\n\t\t\t\t\t\t<\/div>\n\t\t\t\t\t<\/div>\n\t\t","protected":false},"excerpt":{"rendered":"<p>Inicio Con\u00f3cenos Normatividad Tipo de capacitaci\u00f3n Educaci\u00f3n Permanente en Salud Docente IMSS Sistemas de informaci\u00f3n SIICES SIPEC Reportes Desarrollo Profesional Continuo Plataforma de Educaci\u00f3n a Distancia Censo Docente Institucional Sistema de Administraci\u00f3n del FOFOE CONSTAN-CES Recursos Fondo de Fomento a la Educaci\u00f3n ( FOFOE ) Educaci\u00f3n Presencial en Salud Sistema Bibliotecario del IMSS Recursos de [&hellip;]<\/p>\n","protected":false},"author":9,"featured_media":0,"parent":0,"menu_order":0,"comment_status":"closed","ping_status":"closed","template":"","meta":[],"_links":{"self":[{"href":"https:\/\/educacionensalud.imss.gob.mx\/ces_wp\/wp-json\/wp\/v2\/pages\/2442"}],"collection":[{"href":"https:\/\/educacionensalud.imss.gob.mx\/ces_wp\/wp-json\/wp\/v2\/pages"}],"about":[{"href":"https:\/\/educacionensalud.imss.gob.mx\/ces_wp\/wp-json\/wp\/v2\/types\/page"}],"author":[{"embeddable":true,"href":"https:\/\/educacionensalud.imss.gob.mx\/ces_wp\/wp-json\/wp\/v2\/users\/9"}],"replies":[{"embeddable":true,"href":"https:\/\/educacionensalud.imss.gob.mx\/ces_wp\/wp-json\/wp\/v2\/comments?post=2442"}],"version-history":[{"count":64,"href":"https:\/\/educacionensalud.imss.gob.mx\/ces_wp\/wp-json\/wp\/v2\/pages\/2442\/revisions"}],"predecessor-version":[{"id":32787,"href":"https:\/\/educacionensalud.imss.gob.mx\/ces_wp\/wp-json\/wp\/v2\/pages\/2442\/revisions\/32787"}],"wp:attachment":[{"href":"https:\/\/educacionensalud.imss.gob.mx\/ces_wp\/wp-json\/wp\/v2\/media?parent=2442"}],"curies":[{"name":"wp","href":"https:\/\/api.w.org\/{rel}","templated":true}]}}