{"id":2683,"date":"2021-05-26T14:28:04","date_gmt":"2021-05-26T14:28:04","guid":{"rendered":"http:\/\/educacionensalud.imss.gob.mx\/ces_wp\/?page_id=2683"},"modified":"2021-07-16T02:14:18","modified_gmt":"2021-07-16T02:14:18","slug":"aviso-de-privacidad-de-la-coordinacion-de-educacion-en-salud","status":"publish","type":"page","link":"http:\/\/educacionensalud.imss.gob.mx\/ces_wp\/aviso-de-privacidad-de-la-coordinacion-de-educacion-en-salud\/","title":{"rendered":"Aviso de privacidad de la Coordinaci\u00f3n de Educaci\u00f3n en Salud"},"content":{"rendered":"\t\t<div data-elementor-type=\"wp-page\" data-elementor-id=\"2683\" class=\"elementor elementor-2683\" data-elementor-settings=\"[]\">\n\t\t\t\t\t\t\t<div class=\"elementor-section-wrap\">\n\t\t\t\t\t\t\t<section class=\"elementor-section elementor-top-section elementor-element elementor-element-75d1ce6 elementor-section-full_width elementor-section-stretched elementor-hidden-phone elementor-section-height-default elementor-section-height-default\" data-id=\"75d1ce6\" data-element_type=\"section\" data-settings=\"{&quot;stretch_section&quot;:&quot;section-stretched&quot;,&quot;background_background&quot;:&quot;classic&quot;}\">\n\t\t\t\t\t\t<div class=\"elementor-container elementor-column-gap-no\">\n\t\t\t\t\t<div class=\"elementor-column elementor-col-100 elementor-top-column elementor-element elementor-element-cb48d38 top column-style-top\" data-id=\"cb48d38\" data-element_type=\"column\">\n\t\t\t<div class=\"elementor-widget-wrap elementor-element-populated\">\n\t\t\t\t\t\t\t\t<div class=\"elementor-element elementor-element-aa8f4e2 elementor-widget elementor-widget-gva-navigation-menu\" data-id=\"aa8f4e2\" data-element_type=\"widget\" data-widget_type=\"gva-navigation-menu.default\">\n\t\t\t\t<div class=\"elementor-widget-container\">\n\t\t\t<div class=\"gva-element-gva-navigation-menu gva-element\">   <div class=\"gva-navigation-menu  menu-align-center\">\r\n      <div class=\"menu-principal-servicios-container\"><ul id=\"menu-keb3\" class=\"gva-nav-menu gva-main-menu\"><li id=\"menu-item-30254\" class=\"menu-item menu-item-type-custom menu-item-object-custom menu-item-30254\"><a href=\"https:\/\/educacionensalud.imss.gob.mx\">Inicio<\/a><\/li>\n<li id=\"menu-item-4829\" class=\"menu-item menu-item-type-post_type menu-item-object-page menu-item-4829\"><a href=\"http:\/\/educacionensalud.imss.gob.mx\/ces_wp\/coordinacion-de-educacion-en-salud\/\">Con\u00f3cenos<\/a><\/li>\n<li id=\"menu-item-4830\" class=\"menu-item menu-item-type-post_type menu-item-object-page menu-item-4830\"><a href=\"http:\/\/educacionensalud.imss.gob.mx\/ces_wp\/normatividad\/\">Normatividad<\/a><\/li>\n<li id=\"menu-item-8700\" class=\"menu-item menu-item-type-custom menu-item-object-custom menu-item-has-children menu-item-8700\"><a href=\"#\">Tipo de capacitaci\u00f3n<span class=\"caret\"><\/span><\/a>\n<ul class=\"submenu-inner \">\n\t<li id=\"menu-item-9364\" class=\"menu-item menu-item-type-post_type menu-item-object-page menu-item-9364\"><a href=\"http:\/\/educacionensalud.imss.gob.mx\/ces_wp\/educacion-permanente-en-salud\/\">Educaci\u00f3n Permanente en Salud<\/a><\/li>\n\t<li id=\"menu-item-10613\" class=\"menu-item menu-item-type-post_type menu-item-object-page menu-item-10613\"><a href=\"http:\/\/educacionensalud.imss.gob.mx\/ces_wp\/docente-imss\/\">Docente IMSS<\/a><\/li>\n<\/ul>\n<\/li>\n<li id=\"menu-item-4838\" class=\"menu-item menu-item-type-custom menu-item-object-custom menu-item-has-children menu-item-4838\"><a href=\"#\">Sistemas de informaci\u00f3n<span class=\"caret\"><\/span><\/a>\n<ul class=\"submenu-inner \">\n\t<li id=\"menu-item-4839\" class=\"menu-item menu-item-type-custom menu-item-object-custom menu-item-4839\"><a target=\"_blank\" href=\"http:\/\/edumed.imss.gob.mx\/usu_acc\/\">SIICES<\/a><\/li>\n\t<li id=\"menu-item-4841\" class=\"menu-item menu-item-type-custom menu-item-object-custom menu-item-4841\"><a target=\"_blank\" href=\"http:\/\/edumed.imss.gob.mx\/Cursos\/\">SIPEC<\/a><\/li>\n\t<li id=\"menu-item-4846\" class=\"menu-item menu-item-type-custom menu-item-object-custom menu-item-4846\"><a target=\"_blank\" href=\"http:\/\/aplicativosweb-die.imss.gob.mx\/credpc\/index.php\">Reportes Desarrollo Profesional Continuo<\/a><\/li>\n\t<li id=\"menu-item-4847\" class=\"menu-item menu-item-type-custom menu-item-object-custom menu-item-4847\"><a target=\"_blank\" href=\"http:\/\/innovacioneducativa.imss.gob.mx\/\">Plataforma de Educaci\u00f3n a Distancia<\/a><\/li>\n\t<li id=\"menu-item-4848\" class=\"menu-item menu-item-type-custom menu-item-object-custom menu-item-4848\"><a target=\"_blank\" href=\"http:\/\/aplicativosweb-die.imss.gob.mx\/censo\/\">Censo Docente Institucional<\/a><\/li>\n\t<li id=\"menu-item-14093\" class=\"menu-item menu-item-type-custom menu-item-object-custom menu-item-14093\"><a href=\"https:\/\/educast.imss.gob.mx\/sys\/fofoe\/login\">Sistema de Administraci\u00f3n del FOFOE<\/a><\/li>\n\t<li id=\"menu-item-20565\" class=\"menu-item menu-item-type-custom menu-item-object-custom menu-item-20565\"><a href=\"http:\/\/11.32.41.94\/constan_ces\/\">CONSTAN-CES<\/a><\/li>\n<\/ul>\n<\/li>\n<li id=\"menu-item-4852\" class=\"menu-item menu-item-type-custom menu-item-object-custom menu-item-has-children menu-item-4852\"><a href=\"#\">Recursos<span class=\"caret\"><\/span><\/a>\n<ul class=\"submenu-inner \">\n\t<li id=\"menu-item-8813\" class=\"menu-item menu-item-type-post_type menu-item-object-page menu-item-8813\"><a href=\"http:\/\/educacionensalud.imss.gob.mx\/ces_wp\/fondo-de-fomento-a-la-educacion-fofoe\/\">Fondo de Fomento a la Educaci\u00f3n ( FOFOE )<\/a><\/li>\n\t<li id=\"menu-item-4856\" class=\"menu-item menu-item-type-custom menu-item-object-custom menu-item-4856\"><a href=\"http:\/\/educacionensalud.imss.gob.mx\/ces_wp\/educacion-presencial\/\">Educaci\u00f3n Presencial en Salud<\/a><\/li>\n\t<li id=\"menu-item-7346\" class=\"menu-item menu-item-type-post_type menu-item-object-page menu-item-7346\"><a href=\"http:\/\/educacionensalud.imss.gob.mx\/ces_wp\/sistema_bibliotecario_del_imss\/\">Sistema Bibliotecario del IMSS<\/a><\/li>\n\t<li id=\"menu-item-4858\" class=\"menu-item menu-item-type-custom menu-item-object-custom menu-item-4858\"><a href=\"http:\/\/educacionensalud.imss.gob.mx\/ces_wp\/ris\/\">Recursos de Informaci\u00f3n en Salud (RIS)<\/a><\/li>\n\t<li id=\"menu-item-4862\" class=\"menu-item menu-item-type-custom menu-item-object-custom menu-item-4862\"><a href=\"http:\/\/educacionensalud.imss.gob.mx\/ces_wp\/calidad-educativa\/\">Calidad Educativa<\/a><\/li>\n\t<li id=\"menu-item-8709\" class=\"menu-item menu-item-type-post_type menu-item-object-page menu-item-8709\"><a href=\"http:\/\/educacionensalud.imss.gob.mx\/ces_wp\/vinculacion-educativa\/\">Vinculacio\u0301n Educativa<\/a><\/li>\n\t<li id=\"menu-item-10148\" class=\"menu-item menu-item-type-custom menu-item-object-custom menu-item-10148\"><a target=\"_blank\" href=\"http:\/\/educacionensalud.imss.gob.mx\/ces_wp\/wp-content\/uploads\/2021\/08\/Convenios_Vigentes_250821.pdf\">Convenios<\/a><\/li>\n\t<li id=\"menu-item-30189\" class=\"menu-item menu-item-type-custom menu-item-object-custom menu-item-30189\"><a href=\"https:\/\/educacionensalud.imss.gob.mx\/ces_wp\/competencias-profesionales-y-transversales-para-el-personal-de-salud-del-imss\/\">Competencias profesionales y transversales para el personal de salud del IMSS<\/a><\/li>\n<\/ul>\n<\/li>\n<li id=\"menu-item-4865\" class=\"menu-item menu-item-type-post_type menu-item-object-page menu-item-4865\"><a href=\"http:\/\/educacionensalud.imss.gob.mx\/ces_wp\/directorio-ces\/\">Directorio CES<\/a><\/li>\n<li id=\"menu-item-4866\" class=\"menu-item menu-item-type-post_type menu-item-object-page menu-item-4866\"><a href=\"http:\/\/educacionensalud.imss.gob.mx\/ces_wp\/contacto\/\">Contactos<\/a><\/li>\n<\/ul><\/div>   <\/div><\/div>\t\t<\/div>\n\t\t\t\t<\/div>\n\t\t\t\t\t<\/div>\n\t\t<\/div>\n\t\t\t\t\t\t\t<\/div>\n\t\t<\/section>\n\t\t\t\t<section class=\"elementor-section elementor-top-section elementor-element elementor-element-b00822e elementor-section-boxed elementor-section-height-default elementor-section-height-default\" data-id=\"b00822e\" data-element_type=\"section\">\n\t\t\t\t\t\t<div class=\"elementor-container elementor-column-gap-default\">\n\t\t\t\t\t<div class=\"elementor-column elementor-col-100 elementor-top-column elementor-element elementor-element-d2c7ded top column-style-top\" data-id=\"d2c7ded\" data-element_type=\"column\">\n\t\t\t<div class=\"elementor-widget-wrap elementor-element-populated\">\n\t\t\t\t\t\t\t\t<div class=\"elementor-element elementor-element-e02b2ea elementor-widget elementor-widget-spacer\" data-id=\"e02b2ea\" data-element_type=\"widget\" data-widget_type=\"spacer.default\">\n\t\t\t\t<div class=\"elementor-widget-container\">\n\t\t\t\t\t<div class=\"elementor-spacer\">\n\t\t\t<div class=\"elementor-spacer-inner\"><\/div>\n\t\t<\/div>\n\t\t\t\t<\/div>\n\t\t\t\t<\/div>\n\t\t\t\t\t<\/div>\n\t\t<\/div>\n\t\t\t\t\t\t\t<\/div>\n\t\t<\/section>\n\t\t\t\t<section class=\"elementor-section elementor-top-section elementor-element elementor-element-0e36eef elementor-section-boxed elementor-section-height-default elementor-section-height-default\" data-id=\"0e36eef\" data-element_type=\"section\">\n\t\t\t\t\t\t<div class=\"elementor-container elementor-column-gap-default\">\n\t\t\t\t\t<div class=\"elementor-column elementor-col-100 elementor-top-column elementor-element elementor-element-9eef574 top column-style-top\" data-id=\"9eef574\" data-element_type=\"column\">\n\t\t\t<div class=\"elementor-widget-wrap elementor-element-populated\">\n\t\t\t\t\t\t\t\t<div class=\"elementor-element elementor-element-6584aa0 elementor-widget elementor-widget-gva-heading-block\" data-id=\"6584aa0\" data-element_type=\"widget\" data-widget_type=\"gva-heading-block.default\">\n\t\t\t\t<div class=\"elementor-widget-container\">\n\t\t\t<div class=\"gva-element-gva-heading-block gva-element\">   <div class=\"align-left style-1 widget gsc-heading box-align-left\">\r\n      <div class=\"content-inner\">\r\n         \r\n                  \r\n           \r\n         \r\n                     <h2 class=\"title\">\r\n               <span>Aviso de privacidad de la Coordinaci\u00f3n de Educaci\u00f3n en Salud<\/span>\r\n            <\/h2>\r\n                  \r\n         \r\n      <\/div>\r\n   <\/div>\r\n   <div class=\"clearfix\"><\/div>\r\n<\/div>\t\t<\/div>\n\t\t\t\t<\/div>\n\t\t\t\t\t<\/div>\n\t\t<\/div>\n\t\t\t\t\t\t\t<\/div>\n\t\t<\/section>\n\t\t\t\t<section class=\"elementor-section elementor-top-section elementor-element elementor-element-2d76759 elementor-section-boxed elementor-section-height-default elementor-section-height-default\" data-id=\"2d76759\" data-element_type=\"section\">\n\t\t\t\t\t\t<div class=\"elementor-container elementor-column-gap-default\">\n\t\t\t\t\t<div class=\"elementor-column elementor-col-100 elementor-top-column elementor-element elementor-element-1833fdf top column-style-top\" data-id=\"1833fdf\" data-element_type=\"column\">\n\t\t\t<div class=\"elementor-widget-wrap elementor-element-populated\">\n\t\t\t\t\t\t\t\t<div class=\"elementor-element elementor-element-72e7472 elementor-widget elementor-widget-text-editor\" data-id=\"72e7472\" data-element_type=\"widget\" data-widget_type=\"text-editor.default\">\n\t\t\t\t<div class=\"elementor-widget-container\">\n\t\t\t\t\t<div class=\"elementor-text-editor elementor-clearfix\"><p>En cumplimiento con lo se\u00f1alado en la Ley Federal de Transparencia y Acceso a la Informaci\u00f3n P\u00fablica, Ley General de Transparencia y Acceso a la Informaci\u00f3n P\u00fablica, as\u00ed como en los Lineamientos de Protecci\u00f3n de Datos Personales, se establece lo siguiente:<\/p><p>Se utilizan tecnolog\u00edas de Internet para administrar nuestro sitio Web y el correo electr\u00f3nico, pero no con la finalidad de reunir ni almacenar informaci\u00f3n personal.<\/p><p>Los datos personales que obtenga el Instituto, a trav\u00e9s de la Divisi\u00f3n de Innovaci\u00f3n Educativa de la Coordinaci\u00f3n de Educaci\u00f3n en Salud, en el ejercicio de las funciones establecidas en el Manual de Organizaci\u00f3n de la Direcci\u00f3n de Prestaciones M\u00e9dicas con relaci\u00f3n al art\u00edculo 82 del Reglamento Interior del Instituto Mexicano del Seguro Social (IMSS), no ser\u00e1n transmitidos, \u00fanicamente de los que se cuente con el consentimiento podr\u00e1n ser publicados, empleados, y\/o reproducidos en los en materiales educativos, en p\u00e1ginas web o redes sociales de la Instituci\u00f3n, para la difusi\u00f3n y promoci\u00f3n de aspectos educativos en materia de salud, y\/o en t\u00e9rminos expresamente otorgados.<\/p><p>Se podr\u00e1 permitir el acceso a la informaci\u00f3n confidencial sin consentimiento de los titulares de la misma, en los casos establecidos en el art\u00edculo 117 de la Ley Federal de Transparencia y Acceso a la Informaci\u00f3n P\u00fablica, para lo cual, el IMSS se compromete a tratar dicha informaci\u00f3n de conformidad con los principios de licitud, calidad, acceso y correcci\u00f3n de informaci\u00f3n, seguridad, custodia, y consentimiento para su transmisi\u00f3n.<\/p><p>La solicitud de correcci\u00f3n parcial o total de datos personales, s\u00f3lo podr\u00e1 ser formulada por el interesado titular de los mismos o su representante legal debidamente acreditados, a trav\u00e9s del correo electr\u00f3nico\u00a0<a href=\"mailto:soporte.ensalud@imss.gob.mx\">soporte.ensalud@imss.gob.mx<\/a>, de conformidad con lo establecido en los Lineamientos de Protecci\u00f3n de Datos Personales, mismos que deber\u00e1n observar las dependencias y entidades de la Administraci\u00f3n P\u00fablica Federal en la recepci\u00f3n, procesamiento, tr\u00e1mite, resoluci\u00f3n y notificaci\u00f3n de las solicitudes de correcci\u00f3n de datos personales que formulen los particulares.<\/p><p>La informaci\u00f3n que sea proporcionada a trav\u00e9s del formulario del buz\u00f3n, se utilizaran para establecer contacto con los usuarios con relaci\u00f3n a sus solicitudes o comentarios, asimismo, puede ser incluida dentro de los informes que se elaboran para el seguimiento de avances institucionales del IMSS, los cuales ser\u00e1n meramente estad\u00edsticos y no incluir\u00e1n informaci\u00f3n que permita identificarle en lo individual, asimismo, ser\u00e1n protegidos en t\u00e9rminos de los art\u00edculos 3, 113 fracci\u00f3n I, 117 y dem\u00e1s correlativos de la Ley Federal de Transparencia y Acceso a la Informaci\u00f3n P\u00fablica, as\u00ed como de la Ley General de Transparencia y Acceso a la Informaci\u00f3n P\u00fablica, de los Lineamientos de Protecci\u00f3n de Datos Personales y dem\u00e1s normatividad aplicable en la materia.<\/p><p>El Instituto compromete a su personal que tiene acceso a datos personales en el ejercicio de sus funciones o intervenci\u00f3n en cualquier fase del tratamiento, a mantener confidencialidad respecto de dicha informaci\u00f3n. El Instituto informar\u00e1 por este medio sobre cualquier cambio a la Pol\u00edtica de Privacidad y Manejo de Datos Personales.<\/p><p>La presente pol\u00edtica de privacidad se limita a la informaci\u00f3n proporcionada al Instituto Mexicano del Seguro Social a trav\u00e9s del portal web de la Coordinaci\u00f3n de Educaci\u00f3n en Salud y la informaci\u00f3n publicada bajo el nombre del dominio\u00a0<a href=\"http:\/\/educacionensalud.imss.gob.mx.\/\">http:\/\/educacionensalud.imss.gob.mx.<\/a><\/p><\/div>\n\t\t\t\t<\/div>\n\t\t\t\t<\/div>\n\t\t\t\t\t<\/div>\n\t\t<\/div>\n\t\t\t\t\t\t\t<\/div>\n\t\t<\/section>\n\t\t\t\t<section class=\"elementor-section elementor-top-section elementor-element elementor-element-47b2f8c elementor-section-boxed elementor-section-height-default elementor-section-height-default\" data-id=\"47b2f8c\" data-element_type=\"section\">\n\t\t\t\t\t\t<div class=\"elementor-container elementor-column-gap-default\">\n\t\t\t\t\t<div class=\"elementor-column elementor-col-100 elementor-top-column elementor-element elementor-element-3e015d5 top column-style-top\" data-id=\"3e015d5\" data-element_type=\"column\">\n\t\t\t<div class=\"elementor-widget-wrap elementor-element-populated\">\n\t\t\t\t\t\t\t\t<div class=\"elementor-element elementor-element-448155a elementor-widget elementor-widget-spacer\" data-id=\"448155a\" data-element_type=\"widget\" data-widget_type=\"spacer.default\">\n\t\t\t\t<div class=\"elementor-widget-container\">\n\t\t\t\t\t<div class=\"elementor-spacer\">\n\t\t\t<div class=\"elementor-spacer-inner\"><\/div>\n\t\t<\/div>\n\t\t\t\t<\/div>\n\t\t\t\t<\/div>\n\t\t\t\t<div class=\"elementor-element elementor-element-d88358d elementor-widget elementor-widget-gva-heading-block\" data-id=\"d88358d\" data-element_type=\"widget\" data-widget_type=\"gva-heading-block.default\">\n\t\t\t\t<div class=\"elementor-widget-container\">\n\t\t\t<div class=\"gva-element-gva-heading-block gva-element\">   <div class=\"align-left style-1 widget gsc-heading box-align-left\">\r\n      <div class=\"content-inner\">\r\n         \r\n                  \r\n           \r\n         \r\n                     <h2 class=\"title\">\r\n               <span>FOFOE<\/span>\r\n            <\/h2>\r\n                  \r\n         \r\n      <\/div>\r\n   <\/div>\r\n   <div class=\"clearfix\"><\/div>\r\n<\/div>\t\t<\/div>\n\t\t\t\t<\/div>\n\t\t\t\t\t<\/div>\n\t\t<\/div>\n\t\t\t\t\t\t\t<\/div>\n\t\t<\/section>\n\t\t\t\t<section class=\"elementor-section elementor-top-section elementor-element elementor-element-6ae1a75 elementor-section-boxed elementor-section-height-default elementor-section-height-default\" data-id=\"6ae1a75\" data-element_type=\"section\">\n\t\t\t\t\t\t<div class=\"elementor-container elementor-column-gap-default\">\n\t\t\t\t\t<div class=\"elementor-column elementor-col-33 elementor-top-column elementor-element elementor-element-5e60789 top column-style-top\" data-id=\"5e60789\" data-element_type=\"column\">\n\t\t\t<div class=\"elementor-widget-wrap elementor-element-populated\">\n\t\t\t\t\t\t\t\t<div class=\"elementor-element elementor-element-514a409 elementor-align-justify elementor-widget__width-inherit elementor-widget elementor-widget-button\" data-id=\"514a409\" data-element_type=\"widget\" data-widget_type=\"button.default\">\n\t\t\t\t<div class=\"elementor-widget-container\">\n\t\t\t\t\t<div class=\"elementor-button-wrapper\">\n\t\t\t<a href=\"http:\/\/educacionensalud.imss.gob.mx\/ces_wp\/proveedores-diversos\/\" class=\"elementor-button-link elementor-button elementor-size-lg\" role=\"button\">\n\t\t\t\t\t\t<span class=\"elementor-button-content-wrapper\">\n\t\t\t\t\t\t<span class=\"elementor-button-text\">Proveedores<br> Diversos<\/span>\n\t\t<\/span>\n\t\t\t\t\t<\/a>\n\t\t<\/div>\n\t\t\t\t<\/div>\n\t\t\t\t<\/div>\n\t\t\t\t\t<\/div>\n\t\t<\/div>\n\t\t\t\t<div class=\"elementor-column elementor-col-33 elementor-top-column elementor-element elementor-element-f4825f8 top column-style-top\" data-id=\"f4825f8\" data-element_type=\"column\">\n\t\t\t<div class=\"elementor-widget-wrap elementor-element-populated\">\n\t\t\t\t\t\t\t\t<div class=\"elementor-element elementor-element-2775d84 elementor-align-justify elementor-widget__width-inherit elementor-widget elementor-widget-button\" data-id=\"2775d84\" data-element_type=\"widget\" data-widget_type=\"button.default\">\n\t\t\t\t<div class=\"elementor-widget-container\">\n\t\t\t\t\t<div class=\"elementor-button-wrapper\">\n\t\t\t<a href=\"http:\/\/educacionensalud.imss.gob.mx\/ces_wp\/comprobante-fiscal-digital\/\" class=\"elementor-button-link elementor-button elementor-size-lg\" role=\"button\">\n\t\t\t\t\t\t<span class=\"elementor-button-content-wrapper\">\n\t\t\t\t\t\t<span class=\"elementor-button-text\">Comprobante<br> Fiscal Digital<\/span>\n\t\t<\/span>\n\t\t\t\t\t<\/a>\n\t\t<\/div>\n\t\t\t\t<\/div>\n\t\t\t\t<\/div>\n\t\t\t\t\t<\/div>\n\t\t<\/div>\n\t\t\t\t<div class=\"elementor-column elementor-col-33 elementor-top-column elementor-element elementor-element-31b6353 top column-style-top\" data-id=\"31b6353\" data-element_type=\"column\">\n\t\t\t<div class=\"elementor-widget-wrap elementor-element-populated\">\n\t\t\t\t\t\t\t\t<div class=\"elementor-element elementor-element-fb7b22e elementor-align-justify elementor-widget__width-inherit elementor-widget elementor-widget-button\" data-id=\"fb7b22e\" data-element_type=\"widget\" data-widget_type=\"button.default\">\n\t\t\t\t<div class=\"elementor-widget-container\">\n\t\t\t\t\t<div class=\"elementor-button-wrapper\">\n\t\t\t<a href=\"http:\/\/educacionensalud.imss.gob.mx\/ces_wp\/honorarios-asimilados-a-salarios\/\" class=\"elementor-button-link elementor-button elementor-size-lg\" role=\"button\">\n\t\t\t\t\t\t<span class=\"elementor-button-content-wrapper\">\n\t\t\t\t\t\t<span class=\"elementor-button-text\">Honorarios <br>Asimilados a Salarios<\/span>\n\t\t<\/span>\n\t\t\t\t\t<\/a>\n\t\t<\/div>\n\t\t\t\t<\/div>\n\t\t\t\t<\/div>\n\t\t\t\t\t<\/div>\n\t\t<\/div>\n\t\t\t\t\t\t\t<\/div>\n\t\t<\/section>\n\t\t\t\t<section class=\"elementor-section elementor-top-section elementor-element elementor-element-eb2e727 elementor-section-boxed elementor-section-height-default elementor-section-height-default\" data-id=\"eb2e727\" data-element_type=\"section\">\n\t\t\t\t\t\t<div class=\"elementor-container elementor-column-gap-default\">\n\t\t\t\t\t<div class=\"elementor-column elementor-col-100 elementor-top-column elementor-element elementor-element-5bc2ef7 top column-style-top\" data-id=\"5bc2ef7\" data-element_type=\"column\">\n\t\t\t<div class=\"elementor-widget-wrap elementor-element-populated\">\n\t\t\t\t\t\t\t\t<div class=\"elementor-element elementor-element-e424daa elementor-widget elementor-widget-spacer\" data-id=\"e424daa\" data-element_type=\"widget\" data-widget_type=\"spacer.default\">\n\t\t\t\t<div class=\"elementor-widget-container\">\n\t\t\t\t\t<div class=\"elementor-spacer\">\n\t\t\t<div class=\"elementor-spacer-inner\"><\/div>\n\t\t<\/div>\n\t\t\t\t<\/div>\n\t\t\t\t<\/div>\n\t\t\t\t<div class=\"elementor-element elementor-element-6243ddb elementor-widget elementor-widget-gva-heading-block\" data-id=\"6243ddb\" data-element_type=\"widget\" data-widget_type=\"gva-heading-block.default\">\n\t\t\t\t<div class=\"elementor-widget-container\">\n\t\t\t<div class=\"gva-element-gva-heading-block gva-element\">   <div class=\"align-left style-1 widget gsc-heading box-align-left\">\r\n      <div class=\"content-inner\">\r\n         \r\n                  \r\n           \r\n         \r\n                     <h2 class=\"title\">\r\n               <span>Programas Educativos<\/span>\r\n            <\/h2>\r\n                  \r\n         \r\n      <\/div>\r\n   <\/div>\r\n   <div class=\"clearfix\"><\/div>\r\n<\/div>\t\t<\/div>\n\t\t\t\t<\/div>\n\t\t\t\t\t<\/div>\n\t\t<\/div>\n\t\t\t\t\t\t\t<\/div>\n\t\t<\/section>\n\t\t\t\t<section class=\"elementor-section elementor-top-section elementor-element elementor-element-bfc718c elementor-section-boxed elementor-section-height-default elementor-section-height-default\" data-id=\"bfc718c\" data-element_type=\"section\">\n\t\t\t\t\t\t<div class=\"elementor-container elementor-column-gap-default\">\n\t\t\t\t\t<div class=\"elementor-column elementor-col-33 elementor-top-column elementor-element elementor-element-f504a1b top column-style-top\" data-id=\"f504a1b\" data-element_type=\"column\">\n\t\t\t<div class=\"elementor-widget-wrap elementor-element-populated\">\n\t\t\t\t\t\t\t\t<div class=\"elementor-element elementor-element-7506c27 elementor-align-justify elementor-widget__width-inherit elementor-widget elementor-widget-button\" data-id=\"7506c27\" data-element_type=\"widget\" data-widget_type=\"button.default\">\n\t\t\t\t<div class=\"elementor-widget-container\">\n\t\t\t\t\t<div class=\"elementor-button-wrapper\">\n\t\t\t<a href=\"http:\/\/educacionensalud.imss.gob.mx\/ces_wp\/avisos-de-privacidad-posgrado\/\" class=\"elementor-button-link elementor-button elementor-size-lg\" role=\"button\">\n\t\t\t\t\t\t<span class=\"elementor-button-content-wrapper\">\n\t\t\t\t\t\t<span class=\"elementor-button-text\">Posgrado<\/span>\n\t\t<\/span>\n\t\t\t\t\t<\/a>\n\t\t<\/div>\n\t\t\t\t<\/div>\n\t\t\t\t<\/div>\n\t\t\t\t\t<\/div>\n\t\t<\/div>\n\t\t\t\t<div class=\"elementor-column elementor-col-33 elementor-top-column elementor-element elementor-element-489ae39 top column-style-top\" data-id=\"489ae39\" data-element_type=\"column\">\n\t\t\t<div class=\"elementor-widget-wrap elementor-element-populated\">\n\t\t\t\t\t\t\t\t<div class=\"elementor-element elementor-element-c735b1f elementor-align-justify elementor-widget__width-inherit elementor-widget elementor-widget-button\" data-id=\"c735b1f\" data-element_type=\"widget\" data-widget_type=\"button.default\">\n\t\t\t\t<div class=\"elementor-widget-container\">\n\t\t\t\t\t<div class=\"elementor-button-wrapper\">\n\t\t\t<a href=\"http:\/\/educacionensalud.imss.gob.mx\/ces_wp\/avisos-de-privacidad-escuelas-de-enfermeria\/\" class=\"elementor-button-link elementor-button elementor-size-lg\" role=\"button\">\n\t\t\t\t\t\t<span class=\"elementor-button-content-wrapper\">\n\t\t\t\t\t\t<span class=\"elementor-button-text\">Escuelas de Enfermer\u00eda<\/span>\n\t\t<\/span>\n\t\t\t\t\t<\/a>\n\t\t<\/div>\n\t\t\t\t<\/div>\n\t\t\t\t<\/div>\n\t\t\t\t\t<\/div>\n\t\t<\/div>\n\t\t\t\t<div class=\"elementor-column elementor-col-33 elementor-top-column elementor-element elementor-element-529b0db top column-style-top\" data-id=\"529b0db\" data-element_type=\"column\">\n\t\t\t<div class=\"elementor-widget-wrap\">\n\t\t\t\t\t\t\t\t\t<\/div>\n\t\t<\/div>\n\t\t\t\t\t\t\t<\/div>\n\t\t<\/section>\n\t\t\t\t\t\t<\/div>\n\t\t\t\t\t<\/div>\n\t\t","protected":false},"excerpt":{"rendered":"<p>Inicio Con\u00f3cenos Normatividad Tipo de capacitaci\u00f3n Formativa Educaci\u00f3n continua Docente IMSS Sistemas de informaci\u00f3n SIICES SIPEC Solicitud de Apoyo a FOFOE Reportes Desarrollo Profesional Continuo Plataforma de Educaci\u00f3n a Distancia Censo Docente Institucional Recursos Fondo de Fomento a la Educaci\u00f3n ( FOFOE ) Educaci\u00f3n presencial en salud Documentaci\u00f3n en salud Recursos Electr\u00f3nicos de Informaci\u00f3n en [&hellip;]<\/p>\n","protected":false},"author":1,"featured_media":0,"parent":0,"menu_order":0,"comment_status":"closed","ping_status":"closed","template":"","meta":[],"_links":{"self":[{"href":"http:\/\/educacionensalud.imss.gob.mx\/ces_wp\/wp-json\/wp\/v2\/pages\/2683"}],"collection":[{"href":"http:\/\/educacionensalud.imss.gob.mx\/ces_wp\/wp-json\/wp\/v2\/pages"}],"about":[{"href":"http:\/\/educacionensalud.imss.gob.mx\/ces_wp\/wp-json\/wp\/v2\/types\/page"}],"author":[{"embeddable":true,"href":"http:\/\/educacionensalud.imss.gob.mx\/ces_wp\/wp-json\/wp\/v2\/users\/1"}],"replies":[{"embeddable":true,"href":"http:\/\/educacionensalud.imss.gob.mx\/ces_wp\/wp-json\/wp\/v2\/comments?post=2683"}],"version-history":[{"count":61,"href":"http:\/\/educacionensalud.imss.gob.mx\/ces_wp\/wp-json\/wp\/v2\/pages\/2683\/revisions"}],"predecessor-version":[{"id":8067,"href":"http:\/\/educacionensalud.imss.gob.mx\/ces_wp\/wp-json\/wp\/v2\/pages\/2683\/revisions\/8067"}],"wp:attachment":[{"href":"http:\/\/educacionensalud.imss.gob.mx\/ces_wp\/wp-json\/wp\/v2\/media?parent=2683"}],"curies":[{"name":"wp","href":"https:\/\/api.w.org\/{rel}","templated":true}]}}