{"id":11184,"date":"2021-08-31T03:00:51","date_gmt":"2021-08-31T03:00:51","guid":{"rendered":"http:\/\/educacionensalud.imss.gob.mx\/ces_wp\/?page_id=11184"},"modified":"2021-09-07T05:30:24","modified_gmt":"2021-09-07T05:30:24","slug":"covid-19-material-descargable-por-perfil-profesional","status":"publish","type":"page","link":"http:\/\/educacionensalud.imss.gob.mx\/ces_wp\/covid-19-material-descargable-por-perfil-profesional\/","title":{"rendered":"Covid-19 Material descargable por perfil profesional"},"content":{"rendered":"\t\t<div data-elementor-type=\"wp-page\" data-elementor-id=\"11184\" class=\"elementor elementor-11184\" data-elementor-settings=\"[]\">\n\t\t\t\t\t\t\t<div class=\"elementor-section-wrap\">\n\t\t\t\t\t\t\t<section class=\"elementor-section elementor-top-section elementor-element elementor-element-87e1437 elementor-section-full_width elementor-section-stretched v.gr. menu-principal-servicios-container elementor-hidden-phone elementor-section-height-default elementor-section-height-default\" data-id=\"87e1437\" data-element_type=\"section\" data-settings=\"{&quot;stretch_section&quot;:&quot;section-stretched&quot;,&quot;background_background&quot;:&quot;classic&quot;}\">\n\t\t\t\t\t\t<div class=\"elementor-container elementor-column-gap-no\">\n\t\t\t\t\t<div class=\"elementor-column elementor-col-100 elementor-top-column elementor-element elementor-element-a82685a top column-style-top\" data-id=\"a82685a\" data-element_type=\"column\">\n\t\t\t<div class=\"elementor-widget-wrap elementor-element-populated\">\n\t\t\t\t\t\t\t\t<div class=\"elementor-element elementor-element-2822b00 elementor-widget elementor-widget-gva-navigation-menu\" data-id=\"2822b00\" data-element_type=\"widget\" data-widget_type=\"gva-navigation-menu.default\">\n\t\t\t\t<div class=\"elementor-widget-container\">\n\t\t\t<div class=\"gva-element-gva-navigation-menu gva-element\">   <div class=\"gva-navigation-menu  menu-align-center\">\r\n      <div class=\"menu-principal-servicios-container\"><ul id=\"menu-ry9j\" class=\"gva-nav-menu gva-main-menu\"><li id=\"menu-item-30254\" class=\"menu-item menu-item-type-custom menu-item-object-custom menu-item-30254\"><a href=\"https:\/\/educacionensalud.imss.gob.mx\">Inicio<\/a><\/li>\n<li id=\"menu-item-4829\" class=\"menu-item menu-item-type-post_type menu-item-object-page menu-item-4829\"><a href=\"http:\/\/educacionensalud.imss.gob.mx\/ces_wp\/coordinacion-de-educacion-en-salud\/\">Con\u00f3cenos<\/a><\/li>\n<li id=\"menu-item-4830\" class=\"menu-item menu-item-type-post_type menu-item-object-page menu-item-4830\"><a href=\"http:\/\/educacionensalud.imss.gob.mx\/ces_wp\/normatividad\/\">Normatividad<\/a><\/li>\n<li id=\"menu-item-8700\" class=\"menu-item menu-item-type-custom menu-item-object-custom menu-item-has-children menu-item-8700\"><a href=\"#\">Tipo de capacitaci\u00f3n<span class=\"caret\"><\/span><\/a>\n<ul class=\"submenu-inner \">\n\t<li id=\"menu-item-9364\" class=\"menu-item menu-item-type-post_type menu-item-object-page menu-item-9364\"><a href=\"http:\/\/educacionensalud.imss.gob.mx\/ces_wp\/educacion-permanente-en-salud\/\">Educaci\u00f3n Permanente en Salud<\/a><\/li>\n\t<li id=\"menu-item-10613\" class=\"menu-item menu-item-type-post_type menu-item-object-page menu-item-10613\"><a href=\"http:\/\/educacionensalud.imss.gob.mx\/ces_wp\/docente-imss\/\">Docente IMSS<\/a><\/li>\n<\/ul>\n<\/li>\n<li id=\"menu-item-4838\" class=\"menu-item menu-item-type-custom menu-item-object-custom menu-item-has-children menu-item-4838\"><a href=\"#\">Sistemas de informaci\u00f3n<span class=\"caret\"><\/span><\/a>\n<ul class=\"submenu-inner \">\n\t<li id=\"menu-item-4839\" class=\"menu-item menu-item-type-custom menu-item-object-custom menu-item-4839\"><a target=\"_blank\" href=\"http:\/\/edumed.imss.gob.mx\/usu_acc\/\">SIICES<\/a><\/li>\n\t<li id=\"menu-item-4841\" class=\"menu-item menu-item-type-custom menu-item-object-custom menu-item-4841\"><a target=\"_blank\" href=\"http:\/\/edumed.imss.gob.mx\/Cursos\/\">SIPEC<\/a><\/li>\n\t<li id=\"menu-item-4846\" class=\"menu-item menu-item-type-custom menu-item-object-custom menu-item-4846\"><a target=\"_blank\" href=\"http:\/\/aplicativosweb-die.imss.gob.mx\/credpc\/index.php\">Reportes Desarrollo Profesional Continuo<\/a><\/li>\n\t<li id=\"menu-item-4847\" class=\"menu-item menu-item-type-custom menu-item-object-custom menu-item-4847\"><a target=\"_blank\" href=\"http:\/\/innovacioneducativa.imss.gob.mx\/\">Plataforma de Educaci\u00f3n a Distancia<\/a><\/li>\n\t<li id=\"menu-item-4848\" class=\"menu-item menu-item-type-custom menu-item-object-custom menu-item-4848\"><a target=\"_blank\" href=\"http:\/\/aplicativosweb-die.imss.gob.mx\/censo\/\">Censo Docente Institucional<\/a><\/li>\n\t<li id=\"menu-item-14093\" class=\"menu-item menu-item-type-custom menu-item-object-custom menu-item-14093\"><a href=\"https:\/\/educast.imss.gob.mx\/sys\/fofoe\/login\">Sistema de Administraci\u00f3n del FOFOE<\/a><\/li>\n\t<li id=\"menu-item-20565\" class=\"menu-item menu-item-type-custom menu-item-object-custom menu-item-20565\"><a href=\"http:\/\/11.32.41.94\/constan_ces\/\">CONSTAN-CES<\/a><\/li>\n<\/ul>\n<\/li>\n<li id=\"menu-item-4852\" class=\"menu-item menu-item-type-custom menu-item-object-custom menu-item-has-children menu-item-4852\"><a href=\"#\">Recursos<span class=\"caret\"><\/span><\/a>\n<ul class=\"submenu-inner \">\n\t<li id=\"menu-item-8813\" class=\"menu-item menu-item-type-post_type menu-item-object-page menu-item-8813\"><a href=\"http:\/\/educacionensalud.imss.gob.mx\/ces_wp\/fondo-de-fomento-a-la-educacion-fofoe\/\">Fondo de Fomento a la Educaci\u00f3n ( FOFOE )<\/a><\/li>\n\t<li id=\"menu-item-4856\" class=\"menu-item menu-item-type-custom menu-item-object-custom menu-item-4856\"><a href=\"http:\/\/educacionensalud.imss.gob.mx\/ces_wp\/educacion-presencial\/\">Educaci\u00f3n Presencial en Salud<\/a><\/li>\n\t<li id=\"menu-item-7346\" class=\"menu-item menu-item-type-post_type menu-item-object-page menu-item-7346\"><a href=\"http:\/\/educacionensalud.imss.gob.mx\/ces_wp\/sistema_bibliotecario_del_imss\/\">Sistema Bibliotecario del IMSS<\/a><\/li>\n\t<li id=\"menu-item-4858\" class=\"menu-item menu-item-type-custom menu-item-object-custom menu-item-4858\"><a href=\"http:\/\/educacionensalud.imss.gob.mx\/ces_wp\/ris\/\">Recursos de Informaci\u00f3n en Salud (RIS)<\/a><\/li>\n\t<li id=\"menu-item-4862\" class=\"menu-item menu-item-type-custom menu-item-object-custom menu-item-4862\"><a href=\"http:\/\/educacionensalud.imss.gob.mx\/ces_wp\/calidad-educativa\/\">Calidad Educativa<\/a><\/li>\n\t<li id=\"menu-item-8709\" class=\"menu-item menu-item-type-post_type menu-item-object-page menu-item-8709\"><a href=\"http:\/\/educacionensalud.imss.gob.mx\/ces_wp\/vinculacion-educativa\/\">Vinculacio\u0301n Educativa<\/a><\/li>\n\t<li id=\"menu-item-10148\" class=\"menu-item menu-item-type-custom menu-item-object-custom menu-item-10148\"><a target=\"_blank\" href=\"http:\/\/educacionensalud.imss.gob.mx\/ces_wp\/wp-content\/uploads\/2021\/08\/Convenios_Vigentes_250821.pdf\">Convenios<\/a><\/li>\n\t<li id=\"menu-item-30189\" class=\"menu-item menu-item-type-custom menu-item-object-custom menu-item-30189\"><a href=\"https:\/\/educacionensalud.imss.gob.mx\/ces_wp\/competencias-profesionales-y-transversales-para-el-personal-de-salud-del-imss\/\">Competencias profesionales y transversales para el personal de salud del IMSS<\/a><\/li>\n<\/ul>\n<\/li>\n<li id=\"menu-item-4865\" class=\"menu-item menu-item-type-post_type menu-item-object-page menu-item-4865\"><a href=\"http:\/\/educacionensalud.imss.gob.mx\/ces_wp\/directorio-ces\/\">Directorio CES<\/a><\/li>\n<li id=\"menu-item-4866\" class=\"menu-item menu-item-type-post_type menu-item-object-page menu-item-4866\"><a href=\"http:\/\/educacionensalud.imss.gob.mx\/ces_wp\/contacto\/\">Contactos<\/a><\/li>\n<\/ul><\/div>   <\/div><\/div>\t\t<\/div>\n\t\t\t\t<\/div>\n\t\t\t\t\t<\/div>\n\t\t<\/div>\n\t\t\t\t\t\t\t<\/div>\n\t\t<\/section>\n\t\t\t\t<section class=\"elementor-section elementor-top-section elementor-element elementor-element-a720218 elementor-section-boxed elementor-section-height-default elementor-section-height-default\" data-id=\"a720218\" data-element_type=\"section\">\n\t\t\t\t\t\t<div class=\"elementor-container elementor-column-gap-default\">\n\t\t\t\t\t<nav class=\"elementor-column elementor-col-100 elementor-top-column elementor-element elementor-element-ec30ebe top column-style-top\" data-id=\"ec30ebe\" data-element_type=\"column\">\n\t\t\t<div class=\"elementor-widget-wrap elementor-element-populated\">\n\t\t\t\t\t\t\t\t<div class=\"elementor-element elementor-element-f866df8 elementor-widget elementor-widget-text-editor\" data-id=\"f866df8\" data-element_type=\"widget\" data-widget_type=\"text-editor.default\">\n\t\t\t\t<div class=\"elementor-widget-container\">\n\t\t\t\t\t<div class=\"elementor-text-editor elementor-clearfix\"><p><a href=\"http:\/\/educacionensalud.imss.gob.mx\/ces_wp\/covid-19\/\">Covid-19<\/a> \/ Material descargable por perfil profesional<\/p><\/div>\n\t\t\t\t<\/div>\n\t\t\t\t<\/div>\n\t\t\t\t\t<\/div>\n\t\t<\/nav>\n\t\t\t\t\t\t\t<\/div>\n\t\t<\/section>\n\t\t\t\t<section class=\"elementor-section elementor-top-section elementor-element elementor-element-0e36eef elementor-section-boxed elementor-section-height-default elementor-section-height-default\" data-id=\"0e36eef\" data-element_type=\"section\">\n\t\t\t\t\t\t<div class=\"elementor-container elementor-column-gap-default\">\n\t\t\t\t\t<div class=\"elementor-column elementor-col-100 elementor-top-column elementor-element elementor-element-9eef574 top column-style-top\" data-id=\"9eef574\" data-element_type=\"column\">\n\t\t\t<div class=\"elementor-widget-wrap elementor-element-populated\">\n\t\t\t\t\t\t\t\t<div class=\"elementor-element elementor-element-6584aa0 elementor-widget elementor-widget-gva-heading-block\" data-id=\"6584aa0\" data-element_type=\"widget\" data-widget_type=\"gva-heading-block.default\">\n\t\t\t\t<div class=\"elementor-widget-container\">\n\t\t\t<div class=\"gva-element-gva-heading-block gva-element\">   <div class=\"align-left style-1 widget gsc-heading box-align-left\">\r\n      <div class=\"content-inner\">\r\n         \r\n                  \r\n           \r\n         \r\n                     <h2 class=\"title\">\r\n               <span>Material descargable por perfil profesional<\/span>\r\n            <\/h2>\r\n                  \r\n         \r\n      <\/div>\r\n   <\/div>\r\n   <div class=\"clearfix\"><\/div>\r\n<\/div>\t\t<\/div>\n\t\t\t\t<\/div>\n\t\t\t\t\t<\/div>\n\t\t<\/div>\n\t\t\t\t\t\t\t<\/div>\n\t\t<\/section>\n\t\t\t\t<section class=\"elementor-section elementor-top-section elementor-element elementor-element-3d1ca2f elementor-section-boxed elementor-section-height-default elementor-section-height-default\" data-id=\"3d1ca2f\" data-element_type=\"section\">\n\t\t\t\t\t\t<div class=\"elementor-container elementor-column-gap-default\">\n\t\t\t\t\t<div class=\"elementor-column elementor-col-100 elementor-top-column elementor-element elementor-element-6caad4c top column-style-top\" data-id=\"6caad4c\" data-element_type=\"column\">\n\t\t\t<div class=\"elementor-widget-wrap elementor-element-populated\">\n\t\t\t\t\t\t\t\t<div class=\"elementor-element elementor-element-c4e88b2 elementor-widget elementor-widget-spacer\" data-id=\"c4e88b2\" data-element_type=\"widget\" data-widget_type=\"spacer.default\">\n\t\t\t\t<div class=\"elementor-widget-container\">\n\t\t\t\t\t<div class=\"elementor-spacer\">\n\t\t\t<div class=\"elementor-spacer-inner\"><\/div>\n\t\t<\/div>\n\t\t\t\t<\/div>\n\t\t\t\t<\/div>\n\t\t\t\t\t<\/div>\n\t\t<\/div>\n\t\t\t\t\t\t\t<\/div>\n\t\t<\/section>\n\t\t\t\t<section class=\"elementor-section elementor-top-section elementor-element elementor-element-dbabaae elementor-section-boxed elementor-section-height-default elementor-section-height-default\" data-id=\"dbabaae\" data-element_type=\"section\">\n\t\t\t\t\t\t<div class=\"elementor-container elementor-column-gap-default\">\n\t\t\t\t\t<div class=\"elementor-column elementor-col-33 elementor-top-column elementor-element elementor-element-b190a27 top column-style-top\" data-id=\"b190a27\" data-element_type=\"column\">\n\t\t\t<div class=\"elementor-widget-wrap elementor-element-populated\">\n\t\t\t\t\t\t\t\t<div class=\"elementor-element elementor-element-9f15592 elementor-widget elementor-widget-image\" data-id=\"9f15592\" data-element_type=\"widget\" data-settings=\"{&quot;_animation&quot;:&quot;none&quot;}\" data-widget_type=\"image.default\">\n\t\t\t\t<div class=\"elementor-widget-container\">\n\t\t\t\t\t<div class=\"elementor-image\">\n\t\t\t\t\t\t\t\t\t\t\t<a href=\"http:\/\/educacionensalud.imss.gob.mx\/ces_wp\/covid-19-materiales-descargables-para-personal-medico\/\">\n\t\t\t\t\t\t\t<img width=\"166\" height=\"160\" src=\"http:\/\/educacionensalud.imss.gob.mx\/ces_wp\/wp-content\/uploads\/2021\/08\/personal-medico_0.png\" class=\"elementor-animation-shrink attachment-indutri_medium size-indutri_medium\" alt=\"\" decoding=\"async\" loading=\"lazy\" \/>\t\t\t\t\t\t\t\t<\/a>\n\t\t\t\t\t\t\t\t\t\t\t<\/div>\n\t\t\t\t<\/div>\n\t\t\t\t<\/div>\n\t\t\t\t\t<\/div>\n\t\t<\/div>\n\t\t\t\t<div class=\"elementor-column elementor-col-33 elementor-top-column elementor-element elementor-element-69afc80 top column-style-top\" data-id=\"69afc80\" data-element_type=\"column\">\n\t\t\t<div class=\"elementor-widget-wrap elementor-element-populated\">\n\t\t\t\t\t\t\t\t<div class=\"elementor-element elementor-element-077e2c0 elementor-widget elementor-widget-image\" data-id=\"077e2c0\" data-element_type=\"widget\" data-settings=\"{&quot;_animation&quot;:&quot;none&quot;}\" data-widget_type=\"image.default\">\n\t\t\t\t<div class=\"elementor-widget-container\">\n\t\t\t\t\t<div class=\"elementor-image\">\n\t\t\t\t\t\t\t\t\t\t\t<a href=\"http:\/\/educacionensalud.imss.gob.mx\/ces_wp\/covid-19-materiales-descargables-para-personal-de-enfermeria\/\">\n\t\t\t\t\t\t\t<img width=\"166\" height=\"160\" src=\"http:\/\/educacionensalud.imss.gob.mx\/ces_wp\/wp-content\/uploads\/2021\/08\/personal-enfermeria_0.png\" class=\"elementor-animation-shrink attachment-indutri_medium size-indutri_medium\" alt=\"\" decoding=\"async\" loading=\"lazy\" \/>\t\t\t\t\t\t\t\t<\/a>\n\t\t\t\t\t\t\t\t\t\t\t<\/div>\n\t\t\t\t<\/div>\n\t\t\t\t<\/div>\n\t\t\t\t\t<\/div>\n\t\t<\/div>\n\t\t\t\t<div class=\"elementor-column elementor-col-33 elementor-top-column elementor-element elementor-element-25be73f top column-style-top\" data-id=\"25be73f\" data-element_type=\"column\">\n\t\t\t<div class=\"elementor-widget-wrap elementor-element-populated\">\n\t\t\t\t\t\t\t\t<div class=\"elementor-element elementor-element-8b16ff0 elementor-widget elementor-widget-image\" data-id=\"8b16ff0\" data-element_type=\"widget\" data-settings=\"{&quot;_animation&quot;:&quot;none&quot;}\" data-widget_type=\"image.default\">\n\t\t\t\t<div class=\"elementor-widget-container\">\n\t\t\t\t\t<div class=\"elementor-image\">\n\t\t\t\t\t\t\t\t\t\t\t<a href=\"http:\/\/educacionensalud.imss.gob.mx\/ces_wp\/covid-19-materiales-descargables-para-personal-de-nutricion-estomatologia-rehabilitacion-y-psicologia\/\">\n\t\t\t\t\t\t\t<img width=\"166\" height=\"160\" src=\"http:\/\/educacionensalud.imss.gob.mx\/ces_wp\/wp-content\/uploads\/2021\/08\/personal-nutricion-estomatologia.png\" class=\"elementor-animation-shrink attachment-indutri_medium size-indutri_medium\" alt=\"\" decoding=\"async\" loading=\"lazy\" \/>\t\t\t\t\t\t\t\t<\/a>\n\t\t\t\t\t\t\t\t\t\t\t<\/div>\n\t\t\t\t<\/div>\n\t\t\t\t<\/div>\n\t\t\t\t\t<\/div>\n\t\t<\/div>\n\t\t\t\t\t\t\t<\/div>\n\t\t<\/section>\n\t\t\t\t<section class=\"elementor-section elementor-top-section elementor-element elementor-element-cebcade elementor-section-boxed elementor-section-height-default elementor-section-height-default\" data-id=\"cebcade\" data-element_type=\"section\">\n\t\t\t\t\t\t<div class=\"elementor-container elementor-column-gap-default\">\n\t\t\t\t\t<div class=\"elementor-column elementor-col-100 elementor-top-column elementor-element elementor-element-1c2fac2 top column-style-top\" data-id=\"1c2fac2\" data-element_type=\"column\">\n\t\t\t<div class=\"elementor-widget-wrap elementor-element-populated\">\n\t\t\t\t\t\t\t\t<div class=\"elementor-element elementor-element-f0ed544 elementor-widget elementor-widget-spacer\" data-id=\"f0ed544\" data-element_type=\"widget\" data-widget_type=\"spacer.default\">\n\t\t\t\t<div class=\"elementor-widget-container\">\n\t\t\t\t\t<div class=\"elementor-spacer\">\n\t\t\t<div class=\"elementor-spacer-inner\"><\/div>\n\t\t<\/div>\n\t\t\t\t<\/div>\n\t\t\t\t<\/div>\n\t\t\t\t\t<\/div>\n\t\t<\/div>\n\t\t\t\t\t\t\t<\/div>\n\t\t<\/section>\n\t\t\t\t<section class=\"elementor-section elementor-top-section elementor-element elementor-element-86d4b05 elementor-section-boxed elementor-section-height-default elementor-section-height-default\" data-id=\"86d4b05\" data-element_type=\"section\">\n\t\t\t\t\t\t<div class=\"elementor-container elementor-column-gap-default\">\n\t\t\t\t\t<div class=\"elementor-column elementor-col-33 elementor-top-column elementor-element elementor-element-e7a5eec top column-style-top\" data-id=\"e7a5eec\" data-element_type=\"column\">\n\t\t\t<div class=\"elementor-widget-wrap elementor-element-populated\">\n\t\t\t\t\t\t\t\t<div class=\"elementor-element elementor-element-ddd29f7 elementor-widget elementor-widget-image\" data-id=\"ddd29f7\" data-element_type=\"widget\" data-settings=\"{&quot;_animation&quot;:&quot;none&quot;}\" data-widget_type=\"image.default\">\n\t\t\t\t<div class=\"elementor-widget-container\">\n\t\t\t\t\t<div class=\"elementor-image\">\n\t\t\t\t\t\t\t\t\t\t\t<a href=\"http:\/\/educacionensalud.imss.gob.mx\/ces_wp\/covid-19-materiales-descargables-para-personal-de-trabajo-social-asistentes-medicas-y-atencion-al-derecho-habiente\/\">\n\t\t\t\t\t\t\t<img width=\"166\" height=\"160\" src=\"http:\/\/educacionensalud.imss.gob.mx\/ces_wp\/wp-content\/uploads\/2021\/08\/personal-trabajo-social-asistentes.png\" class=\"elementor-animation-shrink attachment-indutri_medium size-indutri_medium\" alt=\"\" decoding=\"async\" loading=\"lazy\" \/>\t\t\t\t\t\t\t\t<\/a>\n\t\t\t\t\t\t\t\t\t\t\t<\/div>\n\t\t\t\t<\/div>\n\t\t\t\t<\/div>\n\t\t\t\t\t<\/div>\n\t\t<\/div>\n\t\t\t\t<div class=\"elementor-column elementor-col-33 elementor-top-column elementor-element elementor-element-0633287 top column-style-top\" data-id=\"0633287\" data-element_type=\"column\">\n\t\t\t<div class=\"elementor-widget-wrap elementor-element-populated\">\n\t\t\t\t\t\t\t\t<div class=\"elementor-element elementor-element-e1db767 elementor-widget elementor-widget-image\" data-id=\"e1db767\" data-element_type=\"widget\" data-settings=\"{&quot;_animation&quot;:&quot;none&quot;}\" data-widget_type=\"image.default\">\n\t\t\t\t<div class=\"elementor-widget-container\">\n\t\t\t\t\t<div class=\"elementor-image\">\n\t\t\t\t\t\t\t\t\t\t\t<a href=\"http:\/\/educacionensalud.imss.gob.mx\/ces_wp\/covid-19-materiales-descargables-para-camilleros-operador-de-ambulancias-conservacion-higiene-y-limpieza-lavanderia\/\">\n\t\t\t\t\t\t\t<img width=\"166\" height=\"160\" src=\"http:\/\/educacionensalud.imss.gob.mx\/ces_wp\/wp-content\/uploads\/2021\/08\/personal-camilleros-operador-ambulancias.png\" class=\"elementor-animation-shrink attachment-indutri_medium size-indutri_medium\" alt=\"\" decoding=\"async\" loading=\"lazy\" \/>\t\t\t\t\t\t\t\t<\/a>\n\t\t\t\t\t\t\t\t\t\t\t<\/div>\n\t\t\t\t<\/div>\n\t\t\t\t<\/div>\n\t\t\t\t\t<\/div>\n\t\t<\/div>\n\t\t\t\t<div class=\"elementor-column elementor-col-33 elementor-top-column elementor-element elementor-element-54dd9b6 top column-style-top\" data-id=\"54dd9b6\" data-element_type=\"column\">\n\t\t\t<div class=\"elementor-widget-wrap elementor-element-populated\">\n\t\t\t\t\t\t\t\t<div class=\"elementor-element elementor-element-5e1dffd elementor-widget elementor-widget-image\" data-id=\"5e1dffd\" data-element_type=\"widget\" data-settings=\"{&quot;_animation&quot;:&quot;none&quot;}\" data-widget_type=\"image.default\">\n\t\t\t\t<div class=\"elementor-widget-container\">\n\t\t\t\t\t<div class=\"elementor-image\">\n\t\t\t\t\t\t\t\t\t\t\t<a href=\"http:\/\/educacionensalud.imss.gob.mx\/ces_wp\/covid-19-materiales-descargables-para-personal-de-laboratorio\/\">\n\t\t\t\t\t\t\t<img width=\"166\" height=\"160\" src=\"http:\/\/educacionensalud.imss.gob.mx\/ces_wp\/wp-content\/uploads\/2021\/08\/personal-laboratorio_0.png\" class=\"elementor-animation-shrink attachment-indutri_medium size-indutri_medium\" alt=\"\" decoding=\"async\" loading=\"lazy\" \/>\t\t\t\t\t\t\t\t<\/a>\n\t\t\t\t\t\t\t\t\t\t\t<\/div>\n\t\t\t\t<\/div>\n\t\t\t\t<\/div>\n\t\t\t\t\t<\/div>\n\t\t<\/div>\n\t\t\t\t\t\t\t<\/div>\n\t\t<\/section>\n\t\t\t\t<section class=\"elementor-section elementor-top-section elementor-element elementor-element-bf24278 elementor-section-boxed elementor-section-height-default elementor-section-height-default\" data-id=\"bf24278\" data-element_type=\"section\">\n\t\t\t\t\t\t<div class=\"elementor-container elementor-column-gap-default\">\n\t\t\t\t\t<div class=\"elementor-column elementor-col-100 elementor-top-column elementor-element elementor-element-148a2bf top column-style-top\" data-id=\"148a2bf\" data-element_type=\"column\">\n\t\t\t<div class=\"elementor-widget-wrap elementor-element-populated\">\n\t\t\t\t\t\t\t\t<div class=\"elementor-element elementor-element-c3f8141 elementor-widget elementor-widget-spacer\" data-id=\"c3f8141\" data-element_type=\"widget\" data-widget_type=\"spacer.default\">\n\t\t\t\t<div class=\"elementor-widget-container\">\n\t\t\t\t\t<div class=\"elementor-spacer\">\n\t\t\t<div class=\"elementor-spacer-inner\"><\/div>\n\t\t<\/div>\n\t\t\t\t<\/div>\n\t\t\t\t<\/div>\n\t\t\t\t\t<\/div>\n\t\t<\/div>\n\t\t\t\t\t\t\t<\/div>\n\t\t<\/section>\n\t\t\t\t<section class=\"elementor-section elementor-top-section elementor-element elementor-element-6afac14 elementor-section-boxed elementor-section-height-default elementor-section-height-default\" data-id=\"6afac14\" data-element_type=\"section\">\n\t\t\t\t\t\t<div class=\"elementor-container elementor-column-gap-default\">\n\t\t\t\t\t<div class=\"elementor-column elementor-col-33 elementor-top-column elementor-element elementor-element-1a0de3c top column-style-top\" data-id=\"1a0de3c\" data-element_type=\"column\">\n\t\t\t<div class=\"elementor-widget-wrap elementor-element-populated\">\n\t\t\t\t\t\t\t\t<div class=\"elementor-element elementor-element-bd861d9 elementor-widget elementor-widget-image\" data-id=\"bd861d9\" data-element_type=\"widget\" data-settings=\"{&quot;_animation&quot;:&quot;none&quot;}\" data-widget_type=\"image.default\">\n\t\t\t\t<div class=\"elementor-widget-container\">\n\t\t\t\t\t<div class=\"elementor-image\">\n\t\t\t\t\t\t\t\t\t\t\t<a href=\"http:\/\/educacionensalud.imss.gob.mx\/ces_wp\/covid-19-personal-administrativo-bibliotecario-y-otros\/\">\n\t\t\t\t\t\t\t<img width=\"166\" height=\"160\" src=\"http:\/\/educacionensalud.imss.gob.mx\/ces_wp\/wp-content\/uploads\/2021\/08\/personal-admvo-bibliotecario.png\" class=\"elementor-animation-shrink attachment-indutri_medium size-indutri_medium\" alt=\"\" decoding=\"async\" loading=\"lazy\" \/>\t\t\t\t\t\t\t\t<\/a>\n\t\t\t\t\t\t\t\t\t\t\t<\/div>\n\t\t\t\t<\/div>\n\t\t\t\t<\/div>\n\t\t\t\t\t<\/div>\n\t\t<\/div>\n\t\t\t\t<div class=\"elementor-column elementor-col-33 elementor-top-column elementor-element elementor-element-4b43cbd top column-style-top\" data-id=\"4b43cbd\" data-element_type=\"column\">\n\t\t\t<div class=\"elementor-widget-wrap elementor-element-populated\">\n\t\t\t\t\t\t\t\t<div class=\"elementor-element elementor-element-3cc3399 elementor-widget elementor-widget-image\" data-id=\"3cc3399\" data-element_type=\"widget\" data-settings=\"{&quot;_animation&quot;:&quot;none&quot;}\" data-widget_type=\"image.default\">\n\t\t\t\t<div class=\"elementor-widget-container\">\n\t\t\t\t\t<div class=\"elementor-image\">\n\t\t\t\t\t\t\t\t\t\t\t<a href=\"http:\/\/educacionensalud.imss.gob.mx\/ces_wp\/covid-19-personal-de-salud-de-nuevo-ingreso-y-reconversion\/\">\n\t\t\t\t\t\t\t<img width=\"166\" height=\"160\" src=\"http:\/\/educacionensalud.imss.gob.mx\/ces_wp\/wp-content\/uploads\/2021\/08\/personal-salud-nuevo2.png\" class=\"elementor-animation-shrink attachment-indutri_medium size-indutri_medium\" alt=\"\" decoding=\"async\" loading=\"lazy\" \/>\t\t\t\t\t\t\t\t<\/a>\n\t\t\t\t\t\t\t\t\t\t\t<\/div>\n\t\t\t\t<\/div>\n\t\t\t\t<\/div>\n\t\t\t\t\t<\/div>\n\t\t<\/div>\n\t\t\t\t<div class=\"elementor-column elementor-col-33 elementor-top-column elementor-element elementor-element-1273bcc top column-style-top\" data-id=\"1273bcc\" data-element_type=\"column\">\n\t\t\t<div class=\"elementor-widget-wrap\">\n\t\t\t\t\t\t\t\t\t<\/div>\n\t\t<\/div>\n\t\t\t\t\t\t\t<\/div>\n\t\t<\/section>\n\t\t\t\t<section class=\"elementor-section elementor-top-section elementor-element elementor-element-83cc6c2 elementor-section-boxed elementor-section-height-default elementor-section-height-default\" data-id=\"83cc6c2\" data-element_type=\"section\">\n\t\t\t\t\t\t<div class=\"elementor-container elementor-column-gap-default\">\n\t\t\t\t\t<div class=\"elementor-column elementor-col-100 elementor-top-column elementor-element elementor-element-a2066e8 top column-style-top\" data-id=\"a2066e8\" data-element_type=\"column\">\n\t\t\t<div class=\"elementor-widget-wrap elementor-element-populated\">\n\t\t\t\t\t\t\t\t<div class=\"elementor-element elementor-element-4788c6c elementor-widget elementor-widget-spacer\" data-id=\"4788c6c\" data-element_type=\"widget\" data-widget_type=\"spacer.default\">\n\t\t\t\t<div class=\"elementor-widget-container\">\n\t\t\t\t\t<div class=\"elementor-spacer\">\n\t\t\t<div class=\"elementor-spacer-inner\"><\/div>\n\t\t<\/div>\n\t\t\t\t<\/div>\n\t\t\t\t<\/div>\n\t\t\t\t\t<\/div>\n\t\t<\/div>\n\t\t\t\t\t\t\t<\/div>\n\t\t<\/section>\n\t\t\t\t\t\t<\/div>\n\t\t\t\t\t<\/div>\n\t\t","protected":false},"excerpt":{"rendered":"<p>Inicio Con\u00f3cenos Normatividad Tipo de capacitaci\u00f3n Educaci\u00f3n Permanente en Salud Docente IMSS Sistemas de informaci\u00f3n SIICES SIPEC Solicitud de Apoyo al FOFOE Reportes Desarrollo Profesional Continuo Plataforma de Educaci\u00f3n a Distancia Censo Docente Institucional Recursos Fondo de Fomento a la Educaci\u00f3n ( FOFOE ) Educaci\u00f3n Presencial en Salud Sistema Bibliotecario del IMSS Recursos Electr\u00f3nicos de [&hellip;]<\/p>\n","protected":false},"author":1,"featured_media":0,"parent":0,"menu_order":0,"comment_status":"closed","ping_status":"closed","template":"","meta":[],"_links":{"self":[{"href":"http:\/\/educacionensalud.imss.gob.mx\/ces_wp\/wp-json\/wp\/v2\/pages\/11184"}],"collection":[{"href":"http:\/\/educacionensalud.imss.gob.mx\/ces_wp\/wp-json\/wp\/v2\/pages"}],"about":[{"href":"http:\/\/educacionensalud.imss.gob.mx\/ces_wp\/wp-json\/wp\/v2\/types\/page"}],"author":[{"embeddable":true,"href":"http:\/\/educacionensalud.imss.gob.mx\/ces_wp\/wp-json\/wp\/v2\/users\/1"}],"replies":[{"embeddable":true,"href":"http:\/\/educacionensalud.imss.gob.mx\/ces_wp\/wp-json\/wp\/v2\/comments?post=11184"}],"version-history":[{"count":25,"href":"http:\/\/educacionensalud.imss.gob.mx\/ces_wp\/wp-json\/wp\/v2\/pages\/11184\/revisions"}],"predecessor-version":[{"id":12004,"href":"http:\/\/educacionensalud.imss.gob.mx\/ces_wp\/wp-json\/wp\/v2\/pages\/11184\/revisions\/12004"}],"wp:attachment":[{"href":"http:\/\/educacionensalud.imss.gob.mx\/ces_wp\/wp-json\/wp\/v2\/media?parent=11184"}],"curies":[{"name":"wp","href":"https:\/\/api.w.org\/{rel}","templated":true}]}}